{"id":1332,"date":"2024-06-14T08:30:51","date_gmt":"2024-06-14T08:30:51","guid":{"rendered":"https:\/\/katinola.ro\/?page_id=1332"},"modified":"2024-11-04T12:11:56","modified_gmt":"2024-11-04T12:11:56","slug":"ueber-uns","status":"publish","type":"page","link":"https:\/\/katinola.ro\/de\/ueber-uns\/","title":{"rendered":"\u00dcber uns"},"content":{"rendered":"<div class=\"wpb-content-wrapper\"><p>[vc_row][vc_column][vc_empty_space height=&#8220;20px&#8220;][\/vc_column][\/vc_row][vc_row el_class=&#8220;about-intro&#8220;][vc_column width=&#8220;2\/3&#8243;][vc_column_text css=&#8220;&#8220; el_class=&#8220;styled-ul&#8220;]<\/p>\n<h2>\u00dcber uns<\/h2>\n<ul>\n<li>Wir bei Katinola sind eine heranwachsende Marke, die sich an ihre Verbraucher richtet und Wert auf eine gesunde Ern\u00e4hrung legt<\/li>\n<li>Warum Katinola? Wir sind ein Teil des rum\u00e4nischen gastronomischen Erbes und wollen mit unseren Produkten Ihre Gesundheit f\u00f6rdern<\/li>\n<li>100% BIO-Fr\u00fcchte aus kontrolliert biologischem Anbau (BIO Catina)<\/li>\n<li>PREMIUM-Produkt<\/li>\n<\/ul>\n<p>[\/vc_column_text][vc_column_text css=&#8220;&#8220;]<\/p>\n<h2>Bio-Zertifizierung<\/h2>\n<p>Unsere Katina beziehen wir vom Unternehmen BIOCATINA, das zertifizierte rum\u00e4nische Katina-Plantagen besitzt.[\/vc_column_text][\/vc_column][vc_column width=&#8220;1\/3&#8243;][vc_column_text css=&#8220;&#8220; el_class=&#8220;video-popup-bl&#8220;]<\/p>\n<div class=\"for-popups-only\"><a class=\"vp-a noLightbox\" href=\"https:\/\/katinola.ro\/wp-content\/uploads\/Linia-Katinola-v02.mp4\">Click aici!<\/a><br \/>\n<img decoding=\"async\" src=\"https:\/\/katinola.ro\/wp-content\/uploads\/linia-katinola-preview.jpg\" \/><\/div>\n<p>[\/vc_column_text][\/vc_column][\/vc_row][vc_row el_class=&#8220;about-gall&#8220;][vc_column][vc_column_text css=&#8220;&#8220; el_class=&#8220;custom-galerie custom-galerie-bordered custom-galerie-margins custom-galerie-5-col&#8220;]<\/p>\n<div id='gallery-1' class='gallery galleryid-1332 gallery-columns-5 gallery-size-full'><figure class='gallery-item'>\n\t\t\t<div class='gallery-icon landscape'>\n\t\t\t\t<a href='https:\/\/katinola.ro\/wp-content\/uploads\/Prezentare_KATINOLA-RO-2.jpg'><img loading=\"lazy\" decoding=\"async\" width=\"1200\" height=\"831\" src=\"https:\/\/katinola.ro\/wp-content\/uploads\/Prezentare_KATINOLA-RO-2.jpg\" class=\"attachment-full size-full\" alt=\"\" srcset=\"https:\/\/katinola.ro\/wp-content\/uploads\/Prezentare_KATINOLA-RO-2.jpg 1200w, https:\/\/katinola.ro\/wp-content\/uploads\/Prezentare_KATINOLA-RO-2-300x208.jpg 300w, https:\/\/katinola.ro\/wp-content\/uploads\/Prezentare_KATINOLA-RO-2-1024x709.jpg 1024w, https:\/\/katinola.ro\/wp-content\/uploads\/Prezentare_KATINOLA-RO-2-768x532.jpg 768w, https:\/\/katinola.ro\/wp-content\/uploads\/Prezentare_KATINOLA-RO-2-800x554.jpg 800w\" sizes=\"(max-width: 1200px) 100vw, 1200px\" \/><\/a>\n\t\t\t<\/div><\/figure><figure class='gallery-item'>\n\t\t\t<div class='gallery-icon landscape'>\n\t\t\t\t<a href='https:\/\/katinola.ro\/wp-content\/uploads\/Prezentare_KATINOLA-RO-3.jpg'><img loading=\"lazy\" decoding=\"async\" width=\"1200\" height=\"831\" src=\"https:\/\/katinola.ro\/wp-content\/uploads\/Prezentare_KATINOLA-RO-3.jpg\" class=\"attachment-full size-full\" alt=\"\" srcset=\"https:\/\/katinola.ro\/wp-content\/uploads\/Prezentare_KATINOLA-RO-3.jpg 1200w, https:\/\/katinola.ro\/wp-content\/uploads\/Prezentare_KATINOLA-RO-3-300x208.jpg 300w, https:\/\/katinola.ro\/wp-content\/uploads\/Prezentare_KATINOLA-RO-3-1024x709.jpg 1024w, https:\/\/katinola.ro\/wp-content\/uploads\/Prezentare_KATINOLA-RO-3-768x532.jpg 768w, https:\/\/katinola.ro\/wp-content\/uploads\/Prezentare_KATINOLA-RO-3-800x554.jpg 800w\" sizes=\"(max-width: 1200px) 100vw, 1200px\" \/><\/a>\n\t\t\t<\/div><\/figure><figure class='gallery-item'>\n\t\t\t<div class='gallery-icon landscape'>\n\t\t\t\t<a href='https:\/\/katinola.ro\/wp-content\/uploads\/Prezentare_KATINOLA-RO-4.jpg'><img loading=\"lazy\" decoding=\"async\" width=\"1200\" height=\"831\" src=\"https:\/\/katinola.ro\/wp-content\/uploads\/Prezentare_KATINOLA-RO-4.jpg\" class=\"attachment-full size-full\" alt=\"\" srcset=\"https:\/\/katinola.ro\/wp-content\/uploads\/Prezentare_KATINOLA-RO-4.jpg 1200w, https:\/\/katinola.ro\/wp-content\/uploads\/Prezentare_KATINOLA-RO-4-300x208.jpg 300w, https:\/\/katinola.ro\/wp-content\/uploads\/Prezentare_KATINOLA-RO-4-1024x709.jpg 1024w, https:\/\/katinola.ro\/wp-content\/uploads\/Prezentare_KATINOLA-RO-4-768x532.jpg 768w, https:\/\/katinola.ro\/wp-content\/uploads\/Prezentare_KATINOLA-RO-4-800x554.jpg 800w\" sizes=\"(max-width: 1200px) 100vw, 1200px\" \/><\/a>\n\t\t\t<\/div><\/figure><figure class='gallery-item'>\n\t\t\t<div class='gallery-icon landscape'>\n\t\t\t\t<a href='https:\/\/katinola.ro\/wp-content\/uploads\/Prezentare_KATINOLA-RO-5.jpg'><img loading=\"lazy\" decoding=\"async\" width=\"1200\" height=\"831\" src=\"https:\/\/katinola.ro\/wp-content\/uploads\/Prezentare_KATINOLA-RO-5.jpg\" class=\"attachment-full size-full\" alt=\"\" srcset=\"https:\/\/katinola.ro\/wp-content\/uploads\/Prezentare_KATINOLA-RO-5.jpg 1200w, https:\/\/katinola.ro\/wp-content\/uploads\/Prezentare_KATINOLA-RO-5-300x208.jpg 300w, https:\/\/katinola.ro\/wp-content\/uploads\/Prezentare_KATINOLA-RO-5-1024x709.jpg 1024w, https:\/\/katinola.ro\/wp-content\/uploads\/Prezentare_KATINOLA-RO-5-768x532.jpg 768w, https:\/\/katinola.ro\/wp-content\/uploads\/Prezentare_KATINOLA-RO-5-800x554.jpg 800w\" sizes=\"(max-width: 1200px) 100vw, 1200px\" \/><\/a>\n\t\t\t<\/div><\/figure><figure class='gallery-item'>\n\t\t\t<div class='gallery-icon landscape'>\n\t\t\t\t<a href='https:\/\/katinola.ro\/wp-content\/uploads\/Prezentare_KATINOLA-RO-6.jpg'><img loading=\"lazy\" decoding=\"async\" width=\"1200\" height=\"831\" src=\"https:\/\/katinola.ro\/wp-content\/uploads\/Prezentare_KATINOLA-RO-6.jpg\" class=\"attachment-full size-full\" alt=\"\" srcset=\"https:\/\/katinola.ro\/wp-content\/uploads\/Prezentare_KATINOLA-RO-6.jpg 1200w, https:\/\/katinola.ro\/wp-content\/uploads\/Prezentare_KATINOLA-RO-6-300x208.jpg 300w, https:\/\/katinola.ro\/wp-content\/uploads\/Prezentare_KATINOLA-RO-6-1024x709.jpg 1024w, https:\/\/katinola.ro\/wp-content\/uploads\/Prezentare_KATINOLA-RO-6-768x532.jpg 768w, https:\/\/katinola.ro\/wp-content\/uploads\/Prezentare_KATINOLA-RO-6-800x554.jpg 800w\" sizes=\"(max-width: 1200px) 100vw, 1200px\" \/><\/a>\n\t\t\t<\/div><\/figure><figure class='gallery-item'>\n\t\t\t<div class='gallery-icon landscape'>\n\t\t\t\t<a href='https:\/\/katinola.ro\/wp-content\/uploads\/Prezentare_KATINOLA-RO-7.jpg'><img loading=\"lazy\" decoding=\"async\" width=\"1200\" height=\"831\" src=\"https:\/\/katinola.ro\/wp-content\/uploads\/Prezentare_KATINOLA-RO-7.jpg\" class=\"attachment-full size-full\" alt=\"\" srcset=\"https:\/\/katinola.ro\/wp-content\/uploads\/Prezentare_KATINOLA-RO-7.jpg 1200w, https:\/\/katinola.ro\/wp-content\/uploads\/Prezentare_KATINOLA-RO-7-300x208.jpg 300w, https:\/\/katinola.ro\/wp-content\/uploads\/Prezentare_KATINOLA-RO-7-1024x709.jpg 1024w, https:\/\/katinola.ro\/wp-content\/uploads\/Prezentare_KATINOLA-RO-7-768x532.jpg 768w, https:\/\/katinola.ro\/wp-content\/uploads\/Prezentare_KATINOLA-RO-7-800x554.jpg 800w\" sizes=\"(max-width: 1200px) 100vw, 1200px\" \/><\/a>\n\t\t\t<\/div><\/figure><figure class='gallery-item'>\n\t\t\t<div class='gallery-icon landscape'>\n\t\t\t\t<a href='https:\/\/katinola.ro\/wp-content\/uploads\/Prezentare_KATINOLA-RO-8.jpg'><img loading=\"lazy\" decoding=\"async\" width=\"1200\" height=\"831\" src=\"https:\/\/katinola.ro\/wp-content\/uploads\/Prezentare_KATINOLA-RO-8.jpg\" class=\"attachment-full size-full\" alt=\"\" srcset=\"https:\/\/katinola.ro\/wp-content\/uploads\/Prezentare_KATINOLA-RO-8.jpg 1200w, https:\/\/katinola.ro\/wp-content\/uploads\/Prezentare_KATINOLA-RO-8-300x208.jpg 300w, https:\/\/katinola.ro\/wp-content\/uploads\/Prezentare_KATINOLA-RO-8-1024x709.jpg 1024w, https:\/\/katinola.ro\/wp-content\/uploads\/Prezentare_KATINOLA-RO-8-768x532.jpg 768w, https:\/\/katinola.ro\/wp-content\/uploads\/Prezentare_KATINOLA-RO-8-800x554.jpg 800w\" sizes=\"(max-width: 1200px) 100vw, 1200px\" \/><\/a>\n\t\t\t<\/div><\/figure><figure class='gallery-item'>\n\t\t\t<div class='gallery-icon landscape'>\n\t\t\t\t<a href='https:\/\/katinola.ro\/wp-content\/uploads\/Prezentare_KATINOLA-RO-9.jpg'><img loading=\"lazy\" decoding=\"async\" width=\"1200\" height=\"831\" src=\"https:\/\/katinola.ro\/wp-content\/uploads\/Prezentare_KATINOLA-RO-9.jpg\" class=\"attachment-full size-full\" alt=\"\" srcset=\"https:\/\/katinola.ro\/wp-content\/uploads\/Prezentare_KATINOLA-RO-9.jpg 1200w, https:\/\/katinola.ro\/wp-content\/uploads\/Prezentare_KATINOLA-RO-9-300x208.jpg 300w, https:\/\/katinola.ro\/wp-content\/uploads\/Prezentare_KATINOLA-RO-9-1024x709.jpg 1024w, https:\/\/katinola.ro\/wp-content\/uploads\/Prezentare_KATINOLA-RO-9-768x532.jpg 768w, https:\/\/katinola.ro\/wp-content\/uploads\/Prezentare_KATINOLA-RO-9-800x554.jpg 800w\" sizes=\"(max-width: 1200px) 100vw, 1200px\" \/><\/a>\n\t\t\t<\/div><\/figure><figure class='gallery-item'>\n\t\t\t<div class='gallery-icon landscape'>\n\t\t\t\t<a href='https:\/\/katinola.ro\/wp-content\/uploads\/Prezentare_KATINOLA-RO-10.jpg'><img loading=\"lazy\" decoding=\"async\" width=\"1200\" height=\"831\" src=\"https:\/\/katinola.ro\/wp-content\/uploads\/Prezentare_KATINOLA-RO-10.jpg\" class=\"attachment-full size-full\" alt=\"\" srcset=\"https:\/\/katinola.ro\/wp-content\/uploads\/Prezentare_KATINOLA-RO-10.jpg 1200w, https:\/\/katinola.ro\/wp-content\/uploads\/Prezentare_KATINOLA-RO-10-300x208.jpg 300w, https:\/\/katinola.ro\/wp-content\/uploads\/Prezentare_KATINOLA-RO-10-1024x709.jpg 1024w, https:\/\/katinola.ro\/wp-content\/uploads\/Prezentare_KATINOLA-RO-10-768x532.jpg 768w, https:\/\/katinola.ro\/wp-content\/uploads\/Prezentare_KATINOLA-RO-10-800x554.jpg 800w\" sizes=\"(max-width: 1200px) 100vw, 1200px\" \/><\/a>\n\t\t\t<\/div><\/figure><figure class='gallery-item'>\n\t\t\t<div class='gallery-icon landscape'>\n\t\t\t\t<a href='https:\/\/katinola.ro\/wp-content\/uploads\/Prezentare_KATINOLA-RO-11.jpg'><img loading=\"lazy\" decoding=\"async\" width=\"1200\" height=\"831\" src=\"https:\/\/katinola.ro\/wp-content\/uploads\/Prezentare_KATINOLA-RO-11.jpg\" class=\"attachment-full size-full\" alt=\"\" srcset=\"https:\/\/katinola.ro\/wp-content\/uploads\/Prezentare_KATINOLA-RO-11.jpg 1200w, https:\/\/katinola.ro\/wp-content\/uploads\/Prezentare_KATINOLA-RO-11-300x208.jpg 300w, https:\/\/katinola.ro\/wp-content\/uploads\/Prezentare_KATINOLA-RO-11-1024x709.jpg 1024w, https:\/\/katinola.ro\/wp-content\/uploads\/Prezentare_KATINOLA-RO-11-768x532.jpg 768w, https:\/\/katinola.ro\/wp-content\/uploads\/Prezentare_KATINOLA-RO-11-800x554.jpg 800w\" sizes=\"(max-width: 1200px) 100vw, 1200px\" \/><\/a>\n\t\t\t<\/div><\/figure>\n\t\t<\/div>\n\n<p>[\/vc_column_text][\/vc_column][\/vc_row][vc_row][vc_column][vc_empty_space height=&#8220;30px&#8220;][\/vc_column][\/vc_row][vc_row content_placement=&#8220;middle&#8220; el_class=&#8220;about-with-img about-with-img-right&#8220;][vc_column width=&#8220;2\/3&#8243;][vc_column_text css=&#8220;&#8220;]<\/p>\n<h2>Sanddorn, die Zitrone des Nordens<\/h2>\n<p>Die Katina (lateinischer Name: Hippophae rhamnoides) wird oft als die \u201eZitrone des Nordens\u201c bezeichnet. Sie ist f\u00fcr ihren hohen Vitamin-C-Gehalt bekannt und wird u. a. in Getr\u00e4nken, Lebensmitteln und Hautpflegeprodukten verarbeitet. Ihre Herkunft hat diese Frucht ist Asien. Ihr europ\u00e4isches Verbreitungsgebiet erstreckt sich \u00fcber Mitteleuropa, von den Pyren\u00e4en bis zu den Alpen und vom Alpenvorland bis zum Kaukasus.[\/vc_column_text][\/vc_column][vc_column width=&#8220;1\/3&#8243;][vc_column_text css=&#8220;&#8220; el_class=&#8220;custom-galerie custom-galerie-1-col&#8220;]<\/p>\n<div id='gallery-2' class='gallery galleryid-1332 gallery-columns-1 gallery-size-full'><figure class='gallery-item'>\n\t\t\t<div class='gallery-icon landscape'>\n\t\t\t\t<a href='https:\/\/katinola.ro\/wp-content\/uploads\/catina-5.jpg'><img loading=\"lazy\" decoding=\"async\" width=\"1200\" height=\"611\" src=\"https:\/\/katinola.ro\/wp-content\/uploads\/catina-5.jpg\" class=\"attachment-full size-full\" alt=\"\" srcset=\"https:\/\/katinola.ro\/wp-content\/uploads\/catina-5.jpg 1200w, https:\/\/katinola.ro\/wp-content\/uploads\/catina-5-300x153.jpg 300w, https:\/\/katinola.ro\/wp-content\/uploads\/catina-5-1024x521.jpg 1024w, https:\/\/katinola.ro\/wp-content\/uploads\/catina-5-768x391.jpg 768w, https:\/\/katinola.ro\/wp-content\/uploads\/catina-5-800x407.jpg 800w\" sizes=\"(max-width: 1200px) 100vw, 1200px\" \/><\/a>\n\t\t\t<\/div><\/figure>\n\t\t<\/div>\n\n<p>[\/vc_column_text][\/vc_column][\/vc_row][vc_row content_placement=&#8220;middle&#8220; el_class=&#8220;about-with-img about-with-img-left&#8220;][vc_column width=&#8220;1\/3&#8243;][vc_column_text css=&#8220;&#8220; el_class=&#8220;custom-galerie custom-galerie-1-col&#8220;]<\/p>\n<div id='gallery-3' class='gallery galleryid-1332 gallery-columns-1 gallery-size-full'><figure class='gallery-item'>\n\t\t\t<div class='gallery-icon landscape'>\n\t\t\t\t<a href='https:\/\/katinola.ro\/wp-content\/uploads\/catina-6-2.jpg'><img loading=\"lazy\" decoding=\"async\" width=\"1200\" height=\"763\" src=\"https:\/\/katinola.ro\/wp-content\/uploads\/catina-6-2.jpg\" class=\"attachment-full size-full\" alt=\"\" srcset=\"https:\/\/katinola.ro\/wp-content\/uploads\/catina-6-2.jpg 1200w, https:\/\/katinola.ro\/wp-content\/uploads\/catina-6-2-300x191.jpg 300w, https:\/\/katinola.ro\/wp-content\/uploads\/catina-6-2-1024x651.jpg 1024w, https:\/\/katinola.ro\/wp-content\/uploads\/catina-6-2-768x488.jpg 768w, https:\/\/katinola.ro\/wp-content\/uploads\/catina-6-2-800x509.jpg 800w\" sizes=\"(max-width: 1200px) 100vw, 1200px\" \/><\/a>\n\t\t\t<\/div><\/figure>\n\t\t<\/div>\n\n<p>[\/vc_column_text][\/vc_column][vc_column width=&#8220;2\/3&#8243;][vc_column_text css=&#8220;&#8220;]Der Sanddorn enth\u00e4lt mehr als 100 verschiedene bioaktive Substanzen. Dazu geh\u00f6ren verschiedene Vitamine: A, C, D, E, F, K, Vitamine des B-Komplexes (B1, B2, B6), auch Provitamin A (Alpha- und Beta-Carotin), andere Carotinoide, Antioxidantien (Tocopherol, Tocotrienole), Flavonoide), verschiedene Fruchts\u00e4uren (Apfels\u00e4ure, Zitronens\u00e4ure), phenolische Verbindungen, Mineralstoffe (u.a. Zink, Eisen, Calcium, Selen, Kupfer) sowie viele andere.<\/p>\n<p>Hervorzuheben ist der betr\u00e4chtlich hohe Vitamin-C-Gehalt, der je nach Sorte zwischen 200 und 900 mg pro 100 g Fruchtfleisch schwankt. Das ist deutlich mehr als der durchschnittliche Vitamin-C-Gehalt von Zitrusfr\u00fcchten wie Orangen und Zitronen. Sanddornfr\u00fcchte enthalten auch Vitamin B12, das fast ausschlie\u00dflich in Lebensmitteln tierischen Ursprungs enthalten ist.[\/vc_column_text][\/vc_column][\/vc_row]<\/p>\n<\/div>","protected":false},"excerpt":{"rendered":"<p>[vc_row][vc_column][vc_empty_space height=&#8220;20px&#8220;][\/vc_column][\/vc_row][vc_row el_class=&#8220;about-intro&#8220;][vc_column width=&#8220;2\/3&#8243;][vc_column_text css=&#8220;&#8220; el_class=&#8220;styled-ul&#8220;] \u00dcber uns Wir bei Katinola sind eine heranwachsende Marke, die sich an ihre Verbraucher richtet und Wert auf eine gesunde Ern\u00e4hrung legt Warum Katinola? Wir sind ein Teil des rum\u00e4nischen gastronomischen Erbes und wollen mit unseren Produkten Ihre Gesundheit f\u00f6rdern 100% BIO-Fr\u00fcchte aus kontrolliert biologischem Anbau (BIO Catina) PREMIUM-Produkt [&hellip;]<\/p>\n","protected":false},"author":1,"featured_media":0,"parent":0,"menu_order":0,"comment_status":"closed","ping_status":"closed","template":"","meta":{"_acf_changed":false,"ocean_post_layout":"","ocean_both_sidebars_style":"","ocean_both_sidebars_content_width":0,"ocean_both_sidebars_sidebars_width":0,"ocean_sidebar":"0","ocean_second_sidebar":"0","ocean_disable_margins":"enable","ocean_add_body_class":"","ocean_shortcode_before_top_bar":"","ocean_shortcode_after_top_bar":"","ocean_shortcode_before_header":"","ocean_shortcode_after_header":"","ocean_has_shortcode":"","ocean_shortcode_after_title":"","ocean_shortcode_before_footer_widgets":"","ocean_shortcode_after_footer_widgets":"","ocean_shortcode_before_footer_bottom":"","ocean_shortcode_after_footer_bottom":"","ocean_display_top_bar":"default","ocean_display_header":"default","ocean_header_style":"","ocean_center_header_left_menu":"0","ocean_custom_header_template":"0","ocean_custom_logo":0,"ocean_custom_retina_logo":0,"ocean_custom_logo_max_width":0,"ocean_custom_logo_tablet_max_width":0,"ocean_custom_logo_mobile_max_width":0,"ocean_custom_logo_max_height":0,"ocean_custom_logo_tablet_max_height":0,"ocean_custom_logo_mobile_max_height":0,"ocean_header_custom_menu":"0","ocean_menu_typo_font_family":"0","ocean_menu_typo_font_subset":"","ocean_menu_typo_font_size":0,"ocean_menu_typo_font_size_tablet":0,"ocean_menu_typo_font_size_mobile":0,"ocean_menu_typo_font_size_unit":"px","ocean_menu_typo_font_weight":"","ocean_menu_typo_font_weight_tablet":"","ocean_menu_typo_font_weight_mobile":"","ocean_menu_typo_transform":"","ocean_menu_typo_transform_tablet":"","ocean_menu_typo_transform_mobile":"","ocean_menu_typo_line_height":0,"ocean_menu_typo_line_height_tablet":0,"ocean_menu_typo_line_height_mobile":0,"ocean_menu_typo_line_height_unit":"","ocean_menu_typo_spacing":0,"ocean_menu_typo_spacing_tablet":0,"ocean_menu_typo_spacing_mobile":0,"ocean_menu_typo_spacing_unit":"","ocean_menu_link_color":"","ocean_menu_link_color_hover":"","ocean_menu_link_color_active":"","ocean_menu_link_background":"","ocean_menu_link_hover_background":"","ocean_menu_link_active_background":"","ocean_menu_social_links_bg":"","ocean_menu_social_hover_links_bg":"","ocean_menu_social_links_color":"","ocean_menu_social_hover_links_color":"","ocean_disable_title":"default","ocean_disable_heading":"default","ocean_post_title":"","ocean_post_subheading":"","ocean_post_title_style":"","ocean_post_title_background_color":"","ocean_post_title_background":0,"ocean_post_title_bg_image_position":"","ocean_post_title_bg_image_attachment":"","ocean_post_title_bg_image_repeat":"","ocean_post_title_bg_image_size":"","ocean_post_title_height":0,"ocean_post_title_bg_overlay":0.5,"ocean_post_title_bg_overlay_color":"","ocean_disable_breadcrumbs":"default","ocean_breadcrumbs_color":"","ocean_breadcrumbs_separator_color":"","ocean_breadcrumbs_links_color":"","ocean_breadcrumbs_links_hover_color":"","ocean_display_footer_widgets":"default","ocean_display_footer_bottom":"default","ocean_custom_footer_template":"0","footnotes":""},"class_list":["post-1332","page","type-page","status-publish","hentry","entry","owp-thumbs-layout-horizontal","owp-btn-normal","owp-tabs-layout-horizontal","has-no-thumbnails","has-product-nav"],"acf":[],"yoast_head":"<!-- This site is optimized with the Yoast SEO plugin v23.3 - https:\/\/yoast.com\/wordpress\/plugins\/seo\/ -->\n<title>\u00dcber uns | Katinola<\/title>\n<meta name=\"robots\" content=\"index, follow, max-snippet:-1, max-image-preview:large, max-video-preview:-1\" \/>\n<link rel=\"canonical\" href=\"https:\/\/katinola.ro\/de\/ueber-uns\/\" \/>\n<meta property=\"og:locale\" content=\"de_DE\" \/>\n<meta property=\"og:type\" content=\"article\" \/>\n<meta property=\"og:title\" content=\"\u00dcber uns | Katinola\" \/>\n<meta property=\"og:description\" content=\"[vc_row][vc_column][vc_empty_space height=&#8220;20px&#8220;][\/vc_column][\/vc_row][vc_row el_class=&#8220;about-intro&#8220;][vc_column width=&#8220;2\/3&#8243;][vc_column_text css=&#8220;&#8220; el_class=&#8220;styled-ul&#8220;] \u00dcber uns Wir bei Katinola sind eine heranwachsende Marke, die sich an ihre Verbraucher richtet und Wert auf eine gesunde Ern\u00e4hrung legt Warum Katinola? Wir sind ein Teil des rum\u00e4nischen gastronomischen Erbes und wollen mit unseren Produkten Ihre Gesundheit f\u00f6rdern 100% BIO-Fr\u00fcchte aus kontrolliert biologischem Anbau (BIO Catina) PREMIUM-Produkt [&hellip;]\" \/>\n<meta property=\"og:url\" content=\"https:\/\/katinola.ro\/de\/ueber-uns\/\" \/>\n<meta property=\"og:site_name\" content=\"Katinola\" \/>\n<meta property=\"article:modified_time\" content=\"2024-11-04T12:11:56+00:00\" \/>\n<meta property=\"og:image\" content=\"https:\/\/katinola.ro\/wp-content\/uploads\/linia-katinola-preview.jpg\" \/>\n<meta name=\"twitter:card\" content=\"summary_large_image\" \/>\n<meta name=\"twitter:label1\" content=\"Gesch\u00e4tzte Lesezeit\" \/>\n\t<meta name=\"twitter:data1\" content=\"2\u00a0Minuten\" \/>\n<script type=\"application\/ld+json\" class=\"yoast-schema-graph\">{\"@context\":\"https:\/\/schema.org\",\"@graph\":[{\"@type\":\"WebPage\",\"@id\":\"https:\/\/katinola.ro\/de\/ueber-uns\/\",\"url\":\"https:\/\/katinola.ro\/de\/ueber-uns\/\",\"name\":\"\u00dcber uns | Katinola\",\"isPartOf\":{\"@id\":\"https:\/\/katinola.ro\/de\/#website\"},\"primaryImageOfPage\":{\"@id\":\"https:\/\/katinola.ro\/de\/ueber-uns\/#primaryimage\"},\"image\":{\"@id\":\"https:\/\/katinola.ro\/de\/ueber-uns\/#primaryimage\"},\"thumbnailUrl\":\"https:\/\/katinola.ro\/wp-content\/uploads\/linia-katinola-preview.jpg\",\"datePublished\":\"2024-06-14T08:30:51+00:00\",\"dateModified\":\"2024-11-04T12:11:56+00:00\",\"breadcrumb\":{\"@id\":\"https:\/\/katinola.ro\/de\/ueber-uns\/#breadcrumb\"},\"inLanguage\":\"de\",\"potentialAction\":[{\"@type\":\"ReadAction\",\"target\":[\"https:\/\/katinola.ro\/de\/ueber-uns\/\"]}]},{\"@type\":\"ImageObject\",\"inLanguage\":\"de\",\"@id\":\"https:\/\/katinola.ro\/de\/ueber-uns\/#primaryimage\",\"url\":\"https:\/\/katinola.ro\/wp-content\/uploads\/linia-katinola-preview.jpg\",\"contentUrl\":\"https:\/\/katinola.ro\/wp-content\/uploads\/linia-katinola-preview.jpg\"},{\"@type\":\"BreadcrumbList\",\"@id\":\"https:\/\/katinola.ro\/de\/ueber-uns\/#breadcrumb\",\"itemListElement\":[{\"@type\":\"ListItem\",\"position\":1,\"name\":\"Home\",\"item\":\"https:\/\/katinola.ro\/de\/\"},{\"@type\":\"ListItem\",\"position\":2,\"name\":\"\u00dcber uns\"}]},{\"@type\":\"WebSite\",\"@id\":\"https:\/\/katinola.ro\/de\/#website\",\"url\":\"https:\/\/katinola.ro\/de\/\",\"name\":\"Katinola\",\"description\":\"\",\"publisher\":{\"@id\":\"https:\/\/katinola.ro\/de\/#organization\"},\"potentialAction\":[{\"@type\":\"SearchAction\",\"target\":{\"@type\":\"EntryPoint\",\"urlTemplate\":\"https:\/\/katinola.ro\/de\/?s={search_term_string}\"},\"query-input\":\"required name=search_term_string\"}],\"inLanguage\":\"de\"},{\"@type\":\"Organization\",\"@id\":\"https:\/\/katinola.ro\/de\/#organization\",\"name\":\"Katinola\",\"url\":\"https:\/\/katinola.ro\/de\/\",\"logo\":{\"@type\":\"ImageObject\",\"inLanguage\":\"de\",\"@id\":\"https:\/\/katinola.ro\/de\/#\/schema\/logo\/image\/\",\"url\":\"https:\/\/katinola.ro\/wp-content\/uploads\/Logo-Katinola-1.png\",\"contentUrl\":\"https:\/\/katinola.ro\/wp-content\/uploads\/Logo-Katinola-1.png\",\"width\":862,\"height\":307,\"caption\":\"Katinola\"},\"image\":{\"@id\":\"https:\/\/katinola.ro\/de\/#\/schema\/logo\/image\/\"}}]}<\/script>\n<!-- \/ Yoast SEO plugin. -->","yoast_head_json":{"title":"\u00dcber uns | Katinola","robots":{"index":"index","follow":"follow","max-snippet":"max-snippet:-1","max-image-preview":"max-image-preview:large","max-video-preview":"max-video-preview:-1"},"canonical":"https:\/\/katinola.ro\/de\/ueber-uns\/","og_locale":"de_DE","og_type":"article","og_title":"\u00dcber uns | Katinola","og_description":"[vc_row][vc_column][vc_empty_space height=&#8220;20px&#8220;][\/vc_column][\/vc_row][vc_row el_class=&#8220;about-intro&#8220;][vc_column width=&#8220;2\/3&#8243;][vc_column_text css=&#8220;&#8220; el_class=&#8220;styled-ul&#8220;] \u00dcber uns Wir bei Katinola sind eine heranwachsende Marke, die sich an ihre Verbraucher richtet und Wert auf eine gesunde Ern\u00e4hrung legt Warum Katinola? Wir sind ein Teil des rum\u00e4nischen gastronomischen Erbes und wollen mit unseren Produkten Ihre Gesundheit f\u00f6rdern 100% BIO-Fr\u00fcchte aus kontrolliert biologischem Anbau (BIO Catina) PREMIUM-Produkt [&hellip;]","og_url":"https:\/\/katinola.ro\/de\/ueber-uns\/","og_site_name":"Katinola","article_modified_time":"2024-11-04T12:11:56+00:00","og_image":[{"url":"https:\/\/katinola.ro\/wp-content\/uploads\/linia-katinola-preview.jpg"}],"twitter_card":"summary_large_image","twitter_misc":{"Gesch\u00e4tzte Lesezeit":"2\u00a0Minuten"},"schema":{"@context":"https:\/\/schema.org","@graph":[{"@type":"WebPage","@id":"https:\/\/katinola.ro\/de\/ueber-uns\/","url":"https:\/\/katinola.ro\/de\/ueber-uns\/","name":"\u00dcber uns | Katinola","isPartOf":{"@id":"https:\/\/katinola.ro\/de\/#website"},"primaryImageOfPage":{"@id":"https:\/\/katinola.ro\/de\/ueber-uns\/#primaryimage"},"image":{"@id":"https:\/\/katinola.ro\/de\/ueber-uns\/#primaryimage"},"thumbnailUrl":"https:\/\/katinola.ro\/wp-content\/uploads\/linia-katinola-preview.jpg","datePublished":"2024-06-14T08:30:51+00:00","dateModified":"2024-11-04T12:11:56+00:00","breadcrumb":{"@id":"https:\/\/katinola.ro\/de\/ueber-uns\/#breadcrumb"},"inLanguage":"de","potentialAction":[{"@type":"ReadAction","target":["https:\/\/katinola.ro\/de\/ueber-uns\/"]}]},{"@type":"ImageObject","inLanguage":"de","@id":"https:\/\/katinola.ro\/de\/ueber-uns\/#primaryimage","url":"https:\/\/katinola.ro\/wp-content\/uploads\/linia-katinola-preview.jpg","contentUrl":"https:\/\/katinola.ro\/wp-content\/uploads\/linia-katinola-preview.jpg"},{"@type":"BreadcrumbList","@id":"https:\/\/katinola.ro\/de\/ueber-uns\/#breadcrumb","itemListElement":[{"@type":"ListItem","position":1,"name":"Home","item":"https:\/\/katinola.ro\/de\/"},{"@type":"ListItem","position":2,"name":"\u00dcber uns"}]},{"@type":"WebSite","@id":"https:\/\/katinola.ro\/de\/#website","url":"https:\/\/katinola.ro\/de\/","name":"Katinola","description":"","publisher":{"@id":"https:\/\/katinola.ro\/de\/#organization"},"potentialAction":[{"@type":"SearchAction","target":{"@type":"EntryPoint","urlTemplate":"https:\/\/katinola.ro\/de\/?s={search_term_string}"},"query-input":"required name=search_term_string"}],"inLanguage":"de"},{"@type":"Organization","@id":"https:\/\/katinola.ro\/de\/#organization","name":"Katinola","url":"https:\/\/katinola.ro\/de\/","logo":{"@type":"ImageObject","inLanguage":"de","@id":"https:\/\/katinola.ro\/de\/#\/schema\/logo\/image\/","url":"https:\/\/katinola.ro\/wp-content\/uploads\/Logo-Katinola-1.png","contentUrl":"https:\/\/katinola.ro\/wp-content\/uploads\/Logo-Katinola-1.png","width":862,"height":307,"caption":"Katinola"},"image":{"@id":"https:\/\/katinola.ro\/de\/#\/schema\/logo\/image\/"}}]}},"_links":{"self":[{"href":"https:\/\/katinola.ro\/de\/wp-json\/wp\/v2\/pages\/1332"}],"collection":[{"href":"https:\/\/katinola.ro\/de\/wp-json\/wp\/v2\/pages"}],"about":[{"href":"https:\/\/katinola.ro\/de\/wp-json\/wp\/v2\/types\/page"}],"author":[{"embeddable":true,"href":"https:\/\/katinola.ro\/de\/wp-json\/wp\/v2\/users\/1"}],"replies":[{"embeddable":true,"href":"https:\/\/katinola.ro\/de\/wp-json\/wp\/v2\/comments?post=1332"}],"version-history":[{"count":4,"href":"https:\/\/katinola.ro\/de\/wp-json\/wp\/v2\/pages\/1332\/revisions"}],"predecessor-version":[{"id":1442,"href":"https:\/\/katinola.ro\/de\/wp-json\/wp\/v2\/pages\/1332\/revisions\/1442"}],"wp:attachment":[{"href":"https:\/\/katinola.ro\/de\/wp-json\/wp\/v2\/media?parent=1332"}],"curies":[{"name":"wp","href":"https:\/\/api.w.org\/{rel}","templated":true}]}}