{"id":1336,"date":"2024-06-26T12:07:38","date_gmt":"2024-06-26T12:07:38","guid":{"rendered":"https:\/\/katinola.ro\/?page_id=1336"},"modified":"2024-10-31T12:17:23","modified_gmt":"2024-10-31T12:17:23","slug":"bedingungen-konditionen","status":"publish","type":"page","link":"https:\/\/katinola.ro\/de\/bedingungen-konditionen\/","title":{"rendered":"Bedingungen &#038; Konditionen"},"content":{"rendered":"<div class=\"wpb-content-wrapper\"><p>[vc_row css=&#8220;.vc_custom_1719820786084{margin-top: 15px !important;}&#8220;][vc_column][vc_column_text css=&#8220;&#8220; el_class=&#8220;ul-others&#8220;]<\/p>\n<h1>Bedingungen &amp; Konditionen<\/h1>\n<p>Durch die Nutzung dieser Website erkl\u00e4ren Sie sich mit den nachstehenden Bestimmungen und Bedingungen einverstanden. Wir empfehlen Ihnen, sie sorgf\u00e4ltig zu lesen. www.katinola.ro beh\u00e4lt sich das Recht vor, diese Bedingungen ohne weitere Ank\u00fcndigung zu \u00e4ndern. Die neueste Version kann auf dieser Seite eingesehen werden.<\/p>\n<p>Ihr Zugang\/Besuch dieser Website unterliegt den Nutzungsbedingungen und impliziert Ihre ausdr\u00fcckliche Zustimmung zu diesen und stellt die Vereinbarung zwischen den Parteien dar.<\/p>\n<p>Die Beziehungen zwischen den Parteien werden durch die folgenden normativen Rechtsakte geregelt:<\/p>\n<ul>\n<li>OG-Nr. 21\/1992 zum Verbraucherschutz<\/li>\n<li>GEO-Nr. 34\/2014 \u00fcber die Rechte der Verbraucher bei Vertr\u00e4gen mit Gewerbetreibenden<\/li>\n<li>Gesetz Nr. 363\/2007 zur Bek\u00e4mpfung unlauterer Praktiken von H\u00e4ndlern gegen\u00fcber Verbrauchern und zur Harmonisierung der Vorschriften mit der europ\u00e4ischen Gesetzgebung zum Verbraucherschutz<\/li>\n<li>Gesetz 365\/2002 \u00fcber den elektronischen Gesch\u00e4ftsverkehr<\/li>\n<\/ul>\n<p>SC Siebenbuerghische Events SRL garantiert dem Benutzer einen eingeschraenkten Zugang zur Website www.katinola.ro fuer den persoenlichen Gebrauch (Online-Bestellungen, Informationen) und gewaehrt dem Benutzer nicht das Recht, die Website ganz oder teilweise herunterzuladen oder zu veraendern, die Website ganz oder teilweise zu reproduzieren, zu kopieren, zu verkaufen\/wiederzuverkaufen oder die Website auf irgendeine andere Weise zu kommerziellen Zwecken oder ohne vorherige schriftliche Zustimmung zu nutzen.<\/p>\n<p>Der gesamte Inhalt der Website www.katinola.ro &#8211; Bilder, Texte, Grafiken, Symbole, Webgrafiken, E-Mails, Skripte, Programme und andere Daten &#8211; ist Eigentum der SC SiebenBuerghische Events SRL und ihrer Lieferanten und ist durch das Gesetz zum Schutz des Urheberrechts (Gesetz Nr. 8\/1996) und durch die Gesetze zum geistigen und gewerblichen Eigentum gesch\u00fctzt. Die Verwendung eines der oben genannten Elemente ohne die Zustimmung von Bio SiebenBuerghische Events SRL ist nach den geltenden Gesetzen strafbar.<\/p>\n<p>Die Domain www.katinola.ro ist Eigentum von Sc SiebenBuerghische Events srl. Die Verwendung dieser Marke, der Domain oder der Handelsnamen, Logos und Embleme in direkter oder \u201eversteckter\u201c Form (wie z.B. Meta-Tags oder andere Indexierungstechniken, Websuche) ohne vorherige schriftliche Genehmigung ist verboten und strafbar.<\/p>\n<p>Die auf www.katinola.ro vorgestellten Produkte werden von Bio Sanddorn Plant SRL hergestellt und vermarktet. Die Preise der Produkte k\u00f6nnen jederzeit ge\u00e4ndert werden. Pr\u00fcfen Sie den endg\u00fcltigen Verkaufspreis, bevor Sie ein Produkt kaufen.[\/vc_column_text][\/vc_column][\/vc_row]<\/p>\n<\/div>","protected":false},"excerpt":{"rendered":"<p>[vc_row css=&#8220;.vc_custom_1719820786084{margin-top: 15px !important;}&#8220;][vc_column][vc_column_text css=&#8220;&#8220; el_class=&#8220;ul-others&#8220;] Bedingungen &amp; Konditionen Durch die Nutzung dieser Website erkl\u00e4ren Sie sich mit den nachstehenden Bestimmungen und Bedingungen einverstanden. Wir empfehlen Ihnen, sie sorgf\u00e4ltig zu lesen. www.katinola.ro beh\u00e4lt sich das Recht vor, diese Bedingungen ohne weitere Ank\u00fcndigung zu \u00e4ndern. Die neueste Version kann auf dieser Seite eingesehen werden. Ihr Zugang\/Besuch [&hellip;]<\/p>\n","protected":false},"author":1,"featured_media":0,"parent":0,"menu_order":0,"comment_status":"closed","ping_status":"closed","template":"","meta":{"_acf_changed":false,"ocean_post_layout":"","ocean_both_sidebars_style":"","ocean_both_sidebars_content_width":0,"ocean_both_sidebars_sidebars_width":0,"ocean_sidebar":"0","ocean_second_sidebar":"0","ocean_disable_margins":"enable","ocean_add_body_class":"","ocean_shortcode_before_top_bar":"","ocean_shortcode_after_top_bar":"","ocean_shortcode_before_header":"","ocean_shortcode_after_header":"","ocean_has_shortcode":"","ocean_shortcode_after_title":"","ocean_shortcode_before_footer_widgets":"","ocean_shortcode_after_footer_widgets":"","ocean_shortcode_before_footer_bottom":"","ocean_shortcode_after_footer_bottom":"","ocean_display_top_bar":"default","ocean_display_header":"default","ocean_header_style":"","ocean_center_header_left_menu":"0","ocean_custom_header_template":"0","ocean_custom_logo":0,"ocean_custom_retina_logo":0,"ocean_custom_logo_max_width":0,"ocean_custom_logo_tablet_max_width":0,"ocean_custom_logo_mobile_max_width":0,"ocean_custom_logo_max_height":0,"ocean_custom_logo_tablet_max_height":0,"ocean_custom_logo_mobile_max_height":0,"ocean_header_custom_menu":"0","ocean_menu_typo_font_family":"0","ocean_menu_typo_font_subset":"","ocean_menu_typo_font_size":0,"ocean_menu_typo_font_size_tablet":0,"ocean_menu_typo_font_size_mobile":0,"ocean_menu_typo_font_size_unit":"px","ocean_menu_typo_font_weight":"","ocean_menu_typo_font_weight_tablet":"","ocean_menu_typo_font_weight_mobile":"","ocean_menu_typo_transform":"","ocean_menu_typo_transform_tablet":"","ocean_menu_typo_transform_mobile":"","ocean_menu_typo_line_height":0,"ocean_menu_typo_line_height_tablet":0,"ocean_menu_typo_line_height_mobile":0,"ocean_menu_typo_line_height_unit":"","ocean_menu_typo_spacing":0,"ocean_menu_typo_spacing_tablet":0,"ocean_menu_typo_spacing_mobile":0,"ocean_menu_typo_spacing_unit":"","ocean_menu_link_color":"","ocean_menu_link_color_hover":"","ocean_menu_link_color_active":"","ocean_menu_link_background":"","ocean_menu_link_hover_background":"","ocean_menu_link_active_background":"","ocean_menu_social_links_bg":"","ocean_menu_social_hover_links_bg":"","ocean_menu_social_links_color":"","ocean_menu_social_hover_links_color":"","ocean_disable_title":"default","ocean_disable_heading":"default","ocean_post_title":"","ocean_post_subheading":"","ocean_post_title_style":"","ocean_post_title_background_color":"","ocean_post_title_background":0,"ocean_post_title_bg_image_position":"","ocean_post_title_bg_image_attachment":"","ocean_post_title_bg_image_repeat":"","ocean_post_title_bg_image_size":"","ocean_post_title_height":0,"ocean_post_title_bg_overlay":0.5,"ocean_post_title_bg_overlay_color":"","ocean_disable_breadcrumbs":"default","ocean_breadcrumbs_color":"","ocean_breadcrumbs_separator_color":"","ocean_breadcrumbs_links_color":"","ocean_breadcrumbs_links_hover_color":"","ocean_display_footer_widgets":"default","ocean_display_footer_bottom":"default","ocean_custom_footer_template":"0","footnotes":""},"class_list":["post-1336","page","type-page","status-publish","hentry","entry","owp-thumbs-layout-horizontal","owp-btn-normal","owp-tabs-layout-horizontal","has-no-thumbnails","has-product-nav"],"acf":[],"yoast_head":"<!-- This site is optimized with the Yoast SEO plugin v23.3 - https:\/\/yoast.com\/wordpress\/plugins\/seo\/ -->\n<title>Bedingungen &amp; Konditionen | Katinola<\/title>\n<meta name=\"robots\" content=\"index, follow, max-snippet:-1, max-image-preview:large, max-video-preview:-1\" \/>\n<link rel=\"canonical\" href=\"https:\/\/katinola.ro\/de\/bedingungen-konditionen\/\" \/>\n<meta property=\"og:locale\" content=\"de_DE\" \/>\n<meta property=\"og:type\" content=\"article\" \/>\n<meta property=\"og:title\" content=\"Bedingungen &amp; Konditionen | Katinola\" \/>\n<meta property=\"og:description\" content=\"[vc_row css=&#8220;.vc_custom_1719820786084{margin-top: 15px !important;}&#8220;][vc_column][vc_column_text css=&#8220;&#8220; el_class=&#8220;ul-others&#8220;] Bedingungen &amp; Konditionen Durch die Nutzung dieser Website erkl\u00e4ren Sie sich mit den nachstehenden Bestimmungen und Bedingungen einverstanden. Wir empfehlen Ihnen, sie sorgf\u00e4ltig zu lesen. www.katinola.ro beh\u00e4lt sich das Recht vor, diese Bedingungen ohne weitere Ank\u00fcndigung zu \u00e4ndern. Die neueste Version kann auf dieser Seite eingesehen werden. Ihr Zugang\/Besuch [&hellip;]\" \/>\n<meta property=\"og:url\" content=\"https:\/\/katinola.ro\/de\/bedingungen-konditionen\/\" \/>\n<meta property=\"og:site_name\" content=\"Katinola\" \/>\n<meta property=\"article:modified_time\" content=\"2024-10-31T12:17:23+00:00\" \/>\n<meta name=\"twitter:card\" content=\"summary_large_image\" \/>\n<meta name=\"twitter:label1\" content=\"Gesch\u00e4tzte Lesezeit\" \/>\n\t<meta name=\"twitter:data1\" content=\"2\u00a0Minuten\" \/>\n<script type=\"application\/ld+json\" class=\"yoast-schema-graph\">{\"@context\":\"https:\/\/schema.org\",\"@graph\":[{\"@type\":\"WebPage\",\"@id\":\"https:\/\/katinola.ro\/de\/bedingungen-konditionen\/\",\"url\":\"https:\/\/katinola.ro\/de\/bedingungen-konditionen\/\",\"name\":\"Bedingungen & Konditionen | Katinola\",\"isPartOf\":{\"@id\":\"https:\/\/katinola.ro\/de\/#website\"},\"datePublished\":\"2024-06-26T12:07:38+00:00\",\"dateModified\":\"2024-10-31T12:17:23+00:00\",\"breadcrumb\":{\"@id\":\"https:\/\/katinola.ro\/de\/bedingungen-konditionen\/#breadcrumb\"},\"inLanguage\":\"de\",\"potentialAction\":[{\"@type\":\"ReadAction\",\"target\":[\"https:\/\/katinola.ro\/de\/bedingungen-konditionen\/\"]}]},{\"@type\":\"BreadcrumbList\",\"@id\":\"https:\/\/katinola.ro\/de\/bedingungen-konditionen\/#breadcrumb\",\"itemListElement\":[{\"@type\":\"ListItem\",\"position\":1,\"name\":\"Home\",\"item\":\"https:\/\/katinola.ro\/de\/\"},{\"@type\":\"ListItem\",\"position\":2,\"name\":\"Bedingungen &#038; Konditionen\"}]},{\"@type\":\"WebSite\",\"@id\":\"https:\/\/katinola.ro\/de\/#website\",\"url\":\"https:\/\/katinola.ro\/de\/\",\"name\":\"Katinola\",\"description\":\"\",\"publisher\":{\"@id\":\"https:\/\/katinola.ro\/de\/#organization\"},\"potentialAction\":[{\"@type\":\"SearchAction\",\"target\":{\"@type\":\"EntryPoint\",\"urlTemplate\":\"https:\/\/katinola.ro\/de\/?s={search_term_string}\"},\"query-input\":\"required name=search_term_string\"}],\"inLanguage\":\"de\"},{\"@type\":\"Organization\",\"@id\":\"https:\/\/katinola.ro\/de\/#organization\",\"name\":\"Katinola\",\"url\":\"https:\/\/katinola.ro\/de\/\",\"logo\":{\"@type\":\"ImageObject\",\"inLanguage\":\"de\",\"@id\":\"https:\/\/katinola.ro\/de\/#\/schema\/logo\/image\/\",\"url\":\"https:\/\/katinola.ro\/wp-content\/uploads\/Logo-Katinola-1.png\",\"contentUrl\":\"https:\/\/katinola.ro\/wp-content\/uploads\/Logo-Katinola-1.png\",\"width\":862,\"height\":307,\"caption\":\"Katinola\"},\"image\":{\"@id\":\"https:\/\/katinola.ro\/de\/#\/schema\/logo\/image\/\"}}]}<\/script>\n<!-- \/ Yoast SEO plugin. -->","yoast_head_json":{"title":"Bedingungen & Konditionen | Katinola","robots":{"index":"index","follow":"follow","max-snippet":"max-snippet:-1","max-image-preview":"max-image-preview:large","max-video-preview":"max-video-preview:-1"},"canonical":"https:\/\/katinola.ro\/de\/bedingungen-konditionen\/","og_locale":"de_DE","og_type":"article","og_title":"Bedingungen & Konditionen | Katinola","og_description":"[vc_row css=&#8220;.vc_custom_1719820786084{margin-top: 15px !important;}&#8220;][vc_column][vc_column_text css=&#8220;&#8220; el_class=&#8220;ul-others&#8220;] Bedingungen &amp; Konditionen Durch die Nutzung dieser Website erkl\u00e4ren Sie sich mit den nachstehenden Bestimmungen und Bedingungen einverstanden. Wir empfehlen Ihnen, sie sorgf\u00e4ltig zu lesen. www.katinola.ro beh\u00e4lt sich das Recht vor, diese Bedingungen ohne weitere Ank\u00fcndigung zu \u00e4ndern. Die neueste Version kann auf dieser Seite eingesehen werden. Ihr Zugang\/Besuch [&hellip;]","og_url":"https:\/\/katinola.ro\/de\/bedingungen-konditionen\/","og_site_name":"Katinola","article_modified_time":"2024-10-31T12:17:23+00:00","twitter_card":"summary_large_image","twitter_misc":{"Gesch\u00e4tzte Lesezeit":"2\u00a0Minuten"},"schema":{"@context":"https:\/\/schema.org","@graph":[{"@type":"WebPage","@id":"https:\/\/katinola.ro\/de\/bedingungen-konditionen\/","url":"https:\/\/katinola.ro\/de\/bedingungen-konditionen\/","name":"Bedingungen & Konditionen | Katinola","isPartOf":{"@id":"https:\/\/katinola.ro\/de\/#website"},"datePublished":"2024-06-26T12:07:38+00:00","dateModified":"2024-10-31T12:17:23+00:00","breadcrumb":{"@id":"https:\/\/katinola.ro\/de\/bedingungen-konditionen\/#breadcrumb"},"inLanguage":"de","potentialAction":[{"@type":"ReadAction","target":["https:\/\/katinola.ro\/de\/bedingungen-konditionen\/"]}]},{"@type":"BreadcrumbList","@id":"https:\/\/katinola.ro\/de\/bedingungen-konditionen\/#breadcrumb","itemListElement":[{"@type":"ListItem","position":1,"name":"Home","item":"https:\/\/katinola.ro\/de\/"},{"@type":"ListItem","position":2,"name":"Bedingungen &#038; Konditionen"}]},{"@type":"WebSite","@id":"https:\/\/katinola.ro\/de\/#website","url":"https:\/\/katinola.ro\/de\/","name":"Katinola","description":"","publisher":{"@id":"https:\/\/katinola.ro\/de\/#organization"},"potentialAction":[{"@type":"SearchAction","target":{"@type":"EntryPoint","urlTemplate":"https:\/\/katinola.ro\/de\/?s={search_term_string}"},"query-input":"required name=search_term_string"}],"inLanguage":"de"},{"@type":"Organization","@id":"https:\/\/katinola.ro\/de\/#organization","name":"Katinola","url":"https:\/\/katinola.ro\/de\/","logo":{"@type":"ImageObject","inLanguage":"de","@id":"https:\/\/katinola.ro\/de\/#\/schema\/logo\/image\/","url":"https:\/\/katinola.ro\/wp-content\/uploads\/Logo-Katinola-1.png","contentUrl":"https:\/\/katinola.ro\/wp-content\/uploads\/Logo-Katinola-1.png","width":862,"height":307,"caption":"Katinola"},"image":{"@id":"https:\/\/katinola.ro\/de\/#\/schema\/logo\/image\/"}}]}},"_links":{"self":[{"href":"https:\/\/katinola.ro\/de\/wp-json\/wp\/v2\/pages\/1336"}],"collection":[{"href":"https:\/\/katinola.ro\/de\/wp-json\/wp\/v2\/pages"}],"about":[{"href":"https:\/\/katinola.ro\/de\/wp-json\/wp\/v2\/types\/page"}],"author":[{"embeddable":true,"href":"https:\/\/katinola.ro\/de\/wp-json\/wp\/v2\/users\/1"}],"replies":[{"embeddable":true,"href":"https:\/\/katinola.ro\/de\/wp-json\/wp\/v2\/comments?post=1336"}],"version-history":[{"count":3,"href":"https:\/\/katinola.ro\/de\/wp-json\/wp\/v2\/pages\/1336\/revisions"}],"predecessor-version":[{"id":1371,"href":"https:\/\/katinola.ro\/de\/wp-json\/wp\/v2\/pages\/1336\/revisions\/1371"}],"wp:attachment":[{"href":"https:\/\/katinola.ro\/de\/wp-json\/wp\/v2\/media?parent=1336"}],"curies":[{"name":"wp","href":"https:\/\/api.w.org\/{rel}","templated":true}]}}