{"id":1373,"date":"2024-06-13T07:26:51","date_gmt":"2024-06-13T07:26:51","guid":{"rendered":"https:\/\/katinola.ro\/?page_id=1373"},"modified":"2024-11-04T12:09:01","modified_gmt":"2024-11-04T12:09:01","slug":"startseite","status":"publish","type":"page","link":"https:\/\/katinola.ro\/de\/","title":{"rendered":"Startseite"},"content":{"rendered":"<div class=\"wpb-content-wrapper\"><p>[vc_row css=&#8220;.vc_custom_1718346628262{margin-top: 15px !important;}&#8220;][vc_column][vc_column_text css=&#8220;&#8220;]<\/p>\n<h1 style=\"text-align: center;\">Willkommen bei Katinola<\/h1>\n<p style=\"text-align: center;\">Unsere Produkte bei Katinola werden aus Katina, einem \u00f6kologischen Produkt von BIOCATINA, einem rum\u00e4nischen Unternehmen welches zertifizierte Bio-Katina-Plantagen besitzt, hergestellt. Wir bieten unsere Produkte in verschiedenen Geschmacksrichtungen und Varianten an. Bitte beachten Sie auch <a href=\"https:\/\/katinola.ro\/de\/login-b2b-de\/\">unser Angebot<\/a> f\u00fcr Hotels, Getr\u00e4nkehandel und Handel.<\/p>\n<p>[\/vc_column_text][\/vc_column][\/vc_row][vc_row el_id=&#8220;products&#8220;][vc_column][vc_text_separator title=&#8220;&#8220; i_icon_fontawesome=&#8220;fas fa-cart-arrow-down&#8220; i_color=&#8220;custom&#8220; color=&#8220;custom&#8220; border_width=&#8220;2&#8243; el_width=&#8220;70&#8243; css=&#8220;&#8220; add_icon=&#8220;true&#8220; accent_color=&#8220;#016934&#8243; i_custom_color=&#8220;#016934&#8243;][\/vc_column][\/vc_row][vc_row el_class=&#8220;shop-home all-prods-section&#8220; css=&#8220;.vc_custom_1722510351313{padding-top: 10px !important;}&#8220;][vc_column][vc_row_inner el_class=&#8220;prods-section prods-section-first&#8220;][vc_column_inner width=&#8220;1\/4&#8243;][vc_single_image image=&#8220;801&#8243; img_size=&#8220;full&#8220; onclick=&#8220;custom_link&#8220; css=&#8220;&#8220; link=&#8220;https:\/\/katinola.ro\/de\/bio-sanddornsaft-mit-apfel-250-ml\/&#8220; el_class=&#8220;the-img&#8220;][vc_column_text css=&#8220;&#8220; el_class=&#8220;the-txt&#8220;]<\/p>\n<h4>BIO SANDDORNSAFT MIT APFEL<\/h4>\n<p><a href=\"https:\/\/katinola.ro\/de\/bio-sanddornsaft-mit-apfel-250-ml\/\">Mehr erfahren &#8230;<\/a>[\/vc_column_text][\/vc_column_inner][vc_column_inner width=&#8220;1\/4&#8243;][vc_single_image image=&#8220;795&#8243; img_size=&#8220;full&#8220; onclick=&#8220;custom_link&#8220; css=&#8220;&#8220; link=&#8220;https:\/\/katinola.ro\/de\/bio-sanddornnektar-250-ml\/&#8220; el_class=&#8220;the-img&#8220;][vc_column_text css=&#8220;&#8220; el_class=&#8220;the-txt&#8220;]<\/p>\n<h4>BIO SANDDORNNEKTAR<\/h4>\n<p><a href=\"https:\/\/katinola.ro\/de\/bio-sanddornnektar-250-ml\/\">Mehr erfahren &#8230;<\/a>[\/vc_column_text][\/vc_column_inner][vc_column_inner width=&#8220;1\/4&#8243;][vc_single_image image=&#8220;798&#8243; img_size=&#8220;full&#8220; onclick=&#8220;custom_link&#8220; css=&#8220;&#8220; link=&#8220;https:\/\/katinola.ro\/de\/bio-sanddornnektar-mit-ingwer-250-ml\/&#8220; el_class=&#8220;the-img&#8220;][vc_column_text css=&#8220;&#8220; el_class=&#8220;the-txt&#8220;]<\/p>\n<h4>BIO SANDDORNNEKTAR MIT INGWER<\/h4>\n<p><a href=\"https:\/\/katinola.ro\/de\/bio-sanddornnektar-mit-ingwer-250-ml\/\">Mehr erfahren &#8230;<\/a>[\/vc_column_text][\/vc_column_inner][vc_column_inner width=&#8220;1\/4&#8243;][vc_single_image image=&#8220;792&#8243; img_size=&#8220;full&#8220; onclick=&#8220;custom_link&#8220; css=&#8220;&#8220; link=&#8220;https:\/\/katinola.ro\/de\/bio-sanddornnektar-mit-heidelbeeren-250-ml\/&#8220; el_class=&#8220;the-img&#8220;][vc_column_text css=&#8220;&#8220; el_class=&#8220;the-txt&#8220;]<\/p>\n<h4>BIO SANDDORNNEKTAR MIT HEIDELBEEREN<\/h4>\n<p><a href=\"https:\/\/katinola.ro\/de\/bio-sanddornnektar-mit-heidelbeeren-250-ml\/\">Mehr erfahren &#8230;<\/a>[\/vc_column_text][\/vc_column_inner][\/vc_row_inner][vc_row_inner el_class=&#8220;prods-section&#8220;][vc_column_inner width=&#8220;1\/4&#8243;][vc_single_image image=&#8220;841&#8243; img_size=&#8220;full&#8220; onclick=&#8220;custom_link&#8220; css=&#8220;&#8220; link=&#8220;https:\/\/katinola.ro\/de\/getrockneter-bio-sanddorn-50-gr\/&#8220; el_class=&#8220;the-img&#8220;][vc_column_text css=&#8220;&#8220; el_class=&#8220;the-txt&#8220;]<\/p>\n<h4>GETROCKNETER BIO SANDDORN<\/h4>\n<p><a href=\"https:\/\/katinola.ro\/de\/getrockneter-bio-sanddorn-50-gr\/\">Mehr erfahren &#8230;<\/a>[\/vc_column_text][\/vc_column_inner][vc_column_inner width=&#8220;1\/4&#8243;][vc_single_image image=&#8220;858&#8243; img_size=&#8220;full&#8220; onclick=&#8220;custom_link&#8220; css=&#8220;&#8220; link=&#8220;https:\/\/katinola.ro\/de\/kapseln-mit-sanddornpulver\/&#8220; el_class=&#8220;the-img&#8220;][vc_column_text css=&#8220;&#8220; el_class=&#8220;the-txt&#8220;]<\/p>\n<h4>KAPSELN MIT SANDDORNPULVER<\/h4>\n<p><a href=\"https:\/\/katinola.ro\/de\/kapseln-mit-sanddornpulver\/\">Mehr erfahren &#8230;<\/a>[\/vc_column_text][\/vc_column_inner][vc_column_inner width=&#8220;1\/4&#8243;][vc_single_image image=&#8220;844&#8243; img_size=&#8220;full&#8220; onclick=&#8220;custom_link&#8220; css=&#8220;&#8220; link=&#8220;https:\/\/katinola.ro\/de\/gemahlener-bio-sanddorn-50-gr\/&#8220; el_class=&#8220;the-img&#8220;][vc_column_text css=&#8220;&#8220; el_class=&#8220;the-txt&#8220;]<\/p>\n<h4>GEMAHLENER BIO SANDDORN<\/h4>\n<p><a href=\"https:\/\/katinola.ro\/de\/gemahlener-bio-sanddorn-50-gr\/\">Mehr erfahren &#8230;<\/a>[\/vc_column_text][\/vc_column_inner][vc_column_inner width=&#8220;1\/4&#8243;][vc_single_image image=&#8220;838&#8243; img_size=&#8220;full&#8220; onclick=&#8220;custom_link&#8220; css=&#8220;&#8220; link=&#8220;https:\/\/katinola.ro\/de\/bio-kaltgepresstes-sanddornoel-15-ml\/&#8220; el_class=&#8220;the-img&#8220;][vc_column_text css=&#8220;&#8220; el_class=&#8220;the-txt&#8220;]<\/p>\n<h4>BIO KALTGEPRESSTES SANDDORN\u00d6L<\/h4>\n<p><a href=\"https:\/\/katinola.ro\/de\/bio-kaltgepresstes-sanddornoel-15-ml\/\">Mehr erfahren &#8230;<\/a>[\/vc_column_text][\/vc_column_inner][\/vc_row_inner][\/vc_column][\/vc_row][vc_row el_class=&#8220;shop-home home-products&#8220;][vc_column][vc_column_text css=&#8220;&#8220; el_class=&#8220;custom-btn&#8220;]<a href=\"https:\/\/katinola.ro\/de\/unsere-produkte\/\">Alle Produkte ansehen<\/a>[\/vc_column_text][\/vc_column][\/vc_row][vc_row][vc_column][vc_text_separator title=&#8220;&#8220; i_icon_fontawesome=&#8220;fas fa-home&#8220; i_color=&#8220;custom&#8220; color=&#8220;custom&#8220; border_width=&#8220;2&#8243; el_width=&#8220;70&#8243; css=&#8220;&#8220; add_icon=&#8220;true&#8220; accent_color=&#8220;#016934&#8243; i_custom_color=&#8220;#016934&#8243;][\/vc_column][\/vc_row][vc_row][vc_column][vc_column_text css=&#8220;&#8220;]<\/p>\n<p style=\"text-align: center;\">Wir bei Katinola sind eine heranwachsende Marke, die sich an ihre Verbraucher richtet und Wert auf eine gesunde Ern\u00e4hrung legt. Warum Katinola? Wir sind ein Teil des rum\u00e4nischen gastronomischen Erbes und wollen mit unseren Produkten Ihre Gesundheit f\u00f6rdern.<\/p>\n<p>[\/vc_column_text][vc_column_text css=&#8220;&#8220; el_class=&#8220;galerie-custom galerie-margins galerie-jos-0&#8243;]<\/p>\n<div id='gallery-1' class='gallery galleryid-1373 gallery-columns-3 gallery-size-full'><figure class='gallery-item'>\n\t\t\t<div class='gallery-icon landscape'>\n\t\t\t\t<a href='https:\/\/katinola.ro\/wp-content\/uploads\/home-gal2.jpg'><img loading=\"lazy\" decoding=\"async\" width=\"1200\" height=\"800\" src=\"https:\/\/katinola.ro\/wp-content\/uploads\/home-gal2.jpg\" class=\"attachment-full size-full\" alt=\"\" srcset=\"https:\/\/katinola.ro\/wp-content\/uploads\/home-gal2.jpg 1200w, https:\/\/katinola.ro\/wp-content\/uploads\/home-gal2-800x533.jpg 800w, https:\/\/katinola.ro\/wp-content\/uploads\/home-gal2-300x200.jpg 300w, https:\/\/katinola.ro\/wp-content\/uploads\/home-gal2-1024x683.jpg 1024w, https:\/\/katinola.ro\/wp-content\/uploads\/home-gal2-768x512.jpg 768w\" sizes=\"(max-width: 1200px) 100vw, 1200px\" \/><\/a>\n\t\t\t<\/div><\/figure><figure class='gallery-item'>\n\t\t\t<div class='gallery-icon landscape'>\n\t\t\t\t<a href='https:\/\/katinola.ro\/wp-content\/uploads\/home-gal3.jpg'><img loading=\"lazy\" decoding=\"async\" width=\"1066\" height=\"711\" src=\"https:\/\/katinola.ro\/wp-content\/uploads\/home-gal3.jpg\" class=\"attachment-full size-full\" alt=\"\" srcset=\"https:\/\/katinola.ro\/wp-content\/uploads\/home-gal3.jpg 1066w, https:\/\/katinola.ro\/wp-content\/uploads\/home-gal3-800x534.jpg 800w, https:\/\/katinola.ro\/wp-content\/uploads\/home-gal3-300x200.jpg 300w, https:\/\/katinola.ro\/wp-content\/uploads\/home-gal3-1024x683.jpg 1024w, https:\/\/katinola.ro\/wp-content\/uploads\/home-gal3-768x512.jpg 768w\" sizes=\"(max-width: 1066px) 100vw, 1066px\" \/><\/a>\n\t\t\t<\/div><\/figure><figure class='gallery-item'>\n\t\t\t<div class='gallery-icon landscape'>\n\t\t\t\t<a href='https:\/\/katinola.ro\/wp-content\/uploads\/home-gal1.jpg'><img loading=\"lazy\" decoding=\"async\" width=\"1200\" height=\"800\" src=\"https:\/\/katinola.ro\/wp-content\/uploads\/home-gal1.jpg\" class=\"attachment-full size-full\" alt=\"\" srcset=\"https:\/\/katinola.ro\/wp-content\/uploads\/home-gal1.jpg 1200w, https:\/\/katinola.ro\/wp-content\/uploads\/home-gal1-800x533.jpg 800w, https:\/\/katinola.ro\/wp-content\/uploads\/home-gal1-300x200.jpg 300w, https:\/\/katinola.ro\/wp-content\/uploads\/home-gal1-1024x683.jpg 1024w, https:\/\/katinola.ro\/wp-content\/uploads\/home-gal1-768x512.jpg 768w\" sizes=\"(max-width: 1200px) 100vw, 1200px\" \/><\/a>\n\t\t\t<\/div><\/figure>\n\t\t<\/div>\n\n<p>[\/vc_column_text][\/vc_column][\/vc_row]<\/p>\n<\/div>","protected":false},"excerpt":{"rendered":"<p>[vc_row css=&#8220;.vc_custom_1718346628262{margin-top: 15px !important;}&#8220;][vc_column][vc_column_text css=&#8220;&#8220;] Willkommen bei Katinola Unsere Produkte bei Katinola werden aus Katina, einem \u00f6kologischen Produkt von BIOCATINA, einem rum\u00e4nischen Unternehmen welches zertifizierte Bio-Katina-Plantagen besitzt, hergestellt. Wir bieten unsere Produkte in verschiedenen Geschmacksrichtungen und Varianten an. Bitte beachten Sie auch unser Angebot f\u00fcr Hotels, Getr\u00e4nkehandel und Handel. [\/vc_column_text][\/vc_column][\/vc_row][vc_row el_id=&#8220;products&#8220;][vc_column][vc_text_separator title=&#8220;&#8220; i_icon_fontawesome=&#8220;fas fa-cart-arrow-down&#8220; i_color=&#8220;custom&#8220; [&hellip;]<\/p>\n","protected":false},"author":1,"featured_media":0,"parent":0,"menu_order":0,"comment_status":"closed","ping_status":"closed","template":"","meta":{"_acf_changed":false,"ocean_post_layout":"","ocean_both_sidebars_style":"","ocean_both_sidebars_content_width":0,"ocean_both_sidebars_sidebars_width":0,"ocean_sidebar":"0","ocean_second_sidebar":"0","ocean_disable_margins":"enable","ocean_add_body_class":"","ocean_shortcode_before_top_bar":"","ocean_shortcode_after_top_bar":"","ocean_shortcode_before_header":"","ocean_shortcode_after_header":"[rev_slider alias=\"Home-Slider\"][\/rev_slider]","ocean_has_shortcode":"","ocean_shortcode_after_title":"","ocean_shortcode_before_footer_widgets":"","ocean_shortcode_after_footer_widgets":"","ocean_shortcode_before_footer_bottom":"","ocean_shortcode_after_footer_bottom":"","ocean_display_top_bar":"default","ocean_display_header":"default","ocean_header_style":"","ocean_center_header_left_menu":"0","ocean_custom_header_template":"0","ocean_custom_logo":0,"ocean_custom_retina_logo":0,"ocean_custom_logo_max_width":0,"ocean_custom_logo_tablet_max_width":0,"ocean_custom_logo_mobile_max_width":0,"ocean_custom_logo_max_height":0,"ocean_custom_logo_tablet_max_height":0,"ocean_custom_logo_mobile_max_height":0,"ocean_header_custom_menu":"0","ocean_menu_typo_font_family":"0","ocean_menu_typo_font_subset":"","ocean_menu_typo_font_size":0,"ocean_menu_typo_font_size_tablet":0,"ocean_menu_typo_font_size_mobile":0,"ocean_menu_typo_font_size_unit":"px","ocean_menu_typo_font_weight":"","ocean_menu_typo_font_weight_tablet":"","ocean_menu_typo_font_weight_mobile":"","ocean_menu_typo_transform":"","ocean_menu_typo_transform_tablet":"","ocean_menu_typo_transform_mobile":"","ocean_menu_typo_line_height":0,"ocean_menu_typo_line_height_tablet":0,"ocean_menu_typo_line_height_mobile":0,"ocean_menu_typo_line_height_unit":"","ocean_menu_typo_spacing":0,"ocean_menu_typo_spacing_tablet":0,"ocean_menu_typo_spacing_mobile":0,"ocean_menu_typo_spacing_unit":"","ocean_menu_link_color":"","ocean_menu_link_color_hover":"","ocean_menu_link_color_active":"","ocean_menu_link_background":"","ocean_menu_link_hover_background":"","ocean_menu_link_active_background":"","ocean_menu_social_links_bg":"","ocean_menu_social_hover_links_bg":"","ocean_menu_social_links_color":"","ocean_menu_social_hover_links_color":"","ocean_disable_title":"on","ocean_disable_heading":"default","ocean_post_title":"","ocean_post_subheading":"","ocean_post_title_style":"","ocean_post_title_background_color":"","ocean_post_title_background":0,"ocean_post_title_bg_image_position":"","ocean_post_title_bg_image_attachment":"","ocean_post_title_bg_image_repeat":"","ocean_post_title_bg_image_size":"","ocean_post_title_height":0,"ocean_post_title_bg_overlay":0.5,"ocean_post_title_bg_overlay_color":"","ocean_disable_breadcrumbs":"default","ocean_breadcrumbs_color":"","ocean_breadcrumbs_separator_color":"","ocean_breadcrumbs_links_color":"","ocean_breadcrumbs_links_hover_color":"","ocean_display_footer_widgets":"default","ocean_display_footer_bottom":"default","ocean_custom_footer_template":"0","footnotes":""},"class_list":["post-1373","page","type-page","status-publish","hentry","entry","owp-thumbs-layout-horizontal","owp-btn-normal","owp-tabs-layout-horizontal","has-no-thumbnails","has-product-nav"],"acf":[],"yoast_head":"<!-- This site is optimized with the Yoast SEO plugin v23.3 - https:\/\/yoast.com\/wordpress\/plugins\/seo\/ -->\n<title>Katinola | Hochwertige Bio-Sanddornprodukte<\/title>\n<meta name=\"robots\" content=\"index, follow, max-snippet:-1, max-image-preview:large, max-video-preview:-1\" \/>\n<link rel=\"canonical\" href=\"https:\/\/katinola.ro\/de\/\" \/>\n<meta property=\"og:locale\" content=\"de_DE\" \/>\n<meta property=\"og:type\" content=\"article\" \/>\n<meta property=\"og:title\" content=\"Katinola | Hochwertige Bio-Sanddornprodukte\" \/>\n<meta property=\"og:description\" content=\"[vc_row css=&#8220;.vc_custom_1718346628262{margin-top: 15px !important;}&#8220;][vc_column][vc_column_text css=&#8220;&#8220;] Willkommen bei Katinola Unsere Produkte bei Katinola werden aus Katina, einem \u00f6kologischen Produkt von BIOCATINA, einem rum\u00e4nischen Unternehmen welches zertifizierte Bio-Katina-Plantagen besitzt, hergestellt. Wir bieten unsere Produkte in verschiedenen Geschmacksrichtungen und Varianten an. Bitte beachten Sie auch unser Angebot f\u00fcr Hotels, Getr\u00e4nkehandel und Handel. [\/vc_column_text][\/vc_column][\/vc_row][vc_row el_id=&#8220;products&#8220;][vc_column][vc_text_separator title=&#8220;&#8220; i_icon_fontawesome=&#8220;fas fa-cart-arrow-down&#8220; i_color=&#8220;custom&#8220; [&hellip;]\" \/>\n<meta property=\"og:url\" content=\"https:\/\/katinola.ro\/de\/\" \/>\n<meta property=\"og:site_name\" content=\"Katinola\" \/>\n<meta property=\"article:modified_time\" content=\"2024-11-04T12:09:01+00:00\" \/>\n<meta name=\"twitter:card\" content=\"summary_large_image\" \/>\n<meta name=\"twitter:label1\" content=\"Gesch\u00e4tzte Lesezeit\" \/>\n\t<meta name=\"twitter:data1\" content=\"3\u00a0Minuten\" \/>\n<script type=\"application\/ld+json\" class=\"yoast-schema-graph\">{\"@context\":\"https:\/\/schema.org\",\"@graph\":[{\"@type\":\"WebPage\",\"@id\":\"https:\/\/katinola.ro\/de\/\",\"url\":\"https:\/\/katinola.ro\/de\/\",\"name\":\"Katinola | Hochwertige Bio-Sanddornprodukte\",\"isPartOf\":{\"@id\":\"https:\/\/katinola.ro\/de\/#website\"},\"datePublished\":\"2024-06-13T07:26:51+00:00\",\"dateModified\":\"2024-11-04T12:09:01+00:00\",\"breadcrumb\":{\"@id\":\"https:\/\/katinola.ro\/de\/#breadcrumb\"},\"inLanguage\":\"de\",\"potentialAction\":[{\"@type\":\"ReadAction\",\"target\":[\"https:\/\/katinola.ro\/de\/\"]}]},{\"@type\":\"BreadcrumbList\",\"@id\":\"https:\/\/katinola.ro\/de\/#breadcrumb\",\"itemListElement\":[{\"@type\":\"ListItem\",\"position\":1,\"name\":\"Home\",\"item\":\"https:\/\/katinola.ro\/de\/\"},{\"@type\":\"ListItem\",\"position\":2,\"name\":\"Startseite\"}]},{\"@type\":\"WebSite\",\"@id\":\"https:\/\/katinola.ro\/de\/#website\",\"url\":\"https:\/\/katinola.ro\/de\/\",\"name\":\"Katinola\",\"description\":\"\",\"publisher\":{\"@id\":\"https:\/\/katinola.ro\/de\/#organization\"},\"potentialAction\":[{\"@type\":\"SearchAction\",\"target\":{\"@type\":\"EntryPoint\",\"urlTemplate\":\"https:\/\/katinola.ro\/de\/?s={search_term_string}\"},\"query-input\":\"required name=search_term_string\"}],\"inLanguage\":\"de\"},{\"@type\":\"Organization\",\"@id\":\"https:\/\/katinola.ro\/de\/#organization\",\"name\":\"Katinola\",\"url\":\"https:\/\/katinola.ro\/de\/\",\"logo\":{\"@type\":\"ImageObject\",\"inLanguage\":\"de\",\"@id\":\"https:\/\/katinola.ro\/de\/#\/schema\/logo\/image\/\",\"url\":\"https:\/\/katinola.ro\/wp-content\/uploads\/Logo-Katinola-1.png\",\"contentUrl\":\"https:\/\/katinola.ro\/wp-content\/uploads\/Logo-Katinola-1.png\",\"width\":862,\"height\":307,\"caption\":\"Katinola\"},\"image\":{\"@id\":\"https:\/\/katinola.ro\/de\/#\/schema\/logo\/image\/\"}}]}<\/script>\n<!-- \/ Yoast SEO plugin. -->","yoast_head_json":{"title":"Katinola | Hochwertige Bio-Sanddornprodukte","robots":{"index":"index","follow":"follow","max-snippet":"max-snippet:-1","max-image-preview":"max-image-preview:large","max-video-preview":"max-video-preview:-1"},"canonical":"https:\/\/katinola.ro\/de\/","og_locale":"de_DE","og_type":"article","og_title":"Katinola | Hochwertige Bio-Sanddornprodukte","og_description":"[vc_row css=&#8220;.vc_custom_1718346628262{margin-top: 15px !important;}&#8220;][vc_column][vc_column_text css=&#8220;&#8220;] Willkommen bei Katinola Unsere Produkte bei Katinola werden aus Katina, einem \u00f6kologischen Produkt von BIOCATINA, einem rum\u00e4nischen Unternehmen welches zertifizierte Bio-Katina-Plantagen besitzt, hergestellt. Wir bieten unsere Produkte in verschiedenen Geschmacksrichtungen und Varianten an. Bitte beachten Sie auch unser Angebot f\u00fcr Hotels, Getr\u00e4nkehandel und Handel. [\/vc_column_text][\/vc_column][\/vc_row][vc_row el_id=&#8220;products&#8220;][vc_column][vc_text_separator title=&#8220;&#8220; i_icon_fontawesome=&#8220;fas fa-cart-arrow-down&#8220; i_color=&#8220;custom&#8220; [&hellip;]","og_url":"https:\/\/katinola.ro\/de\/","og_site_name":"Katinola","article_modified_time":"2024-11-04T12:09:01+00:00","twitter_card":"summary_large_image","twitter_misc":{"Gesch\u00e4tzte Lesezeit":"3\u00a0Minuten"},"schema":{"@context":"https:\/\/schema.org","@graph":[{"@type":"WebPage","@id":"https:\/\/katinola.ro\/de\/","url":"https:\/\/katinola.ro\/de\/","name":"Katinola | Hochwertige Bio-Sanddornprodukte","isPartOf":{"@id":"https:\/\/katinola.ro\/de\/#website"},"datePublished":"2024-06-13T07:26:51+00:00","dateModified":"2024-11-04T12:09:01+00:00","breadcrumb":{"@id":"https:\/\/katinola.ro\/de\/#breadcrumb"},"inLanguage":"de","potentialAction":[{"@type":"ReadAction","target":["https:\/\/katinola.ro\/de\/"]}]},{"@type":"BreadcrumbList","@id":"https:\/\/katinola.ro\/de\/#breadcrumb","itemListElement":[{"@type":"ListItem","position":1,"name":"Home","item":"https:\/\/katinola.ro\/de\/"},{"@type":"ListItem","position":2,"name":"Startseite"}]},{"@type":"WebSite","@id":"https:\/\/katinola.ro\/de\/#website","url":"https:\/\/katinola.ro\/de\/","name":"Katinola","description":"","publisher":{"@id":"https:\/\/katinola.ro\/de\/#organization"},"potentialAction":[{"@type":"SearchAction","target":{"@type":"EntryPoint","urlTemplate":"https:\/\/katinola.ro\/de\/?s={search_term_string}"},"query-input":"required name=search_term_string"}],"inLanguage":"de"},{"@type":"Organization","@id":"https:\/\/katinola.ro\/de\/#organization","name":"Katinola","url":"https:\/\/katinola.ro\/de\/","logo":{"@type":"ImageObject","inLanguage":"de","@id":"https:\/\/katinola.ro\/de\/#\/schema\/logo\/image\/","url":"https:\/\/katinola.ro\/wp-content\/uploads\/Logo-Katinola-1.png","contentUrl":"https:\/\/katinola.ro\/wp-content\/uploads\/Logo-Katinola-1.png","width":862,"height":307,"caption":"Katinola"},"image":{"@id":"https:\/\/katinola.ro\/de\/#\/schema\/logo\/image\/"}}]}},"_links":{"self":[{"href":"https:\/\/katinola.ro\/de\/wp-json\/wp\/v2\/pages\/1373"}],"collection":[{"href":"https:\/\/katinola.ro\/de\/wp-json\/wp\/v2\/pages"}],"about":[{"href":"https:\/\/katinola.ro\/de\/wp-json\/wp\/v2\/types\/page"}],"author":[{"embeddable":true,"href":"https:\/\/katinola.ro\/de\/wp-json\/wp\/v2\/users\/1"}],"replies":[{"embeddable":true,"href":"https:\/\/katinola.ro\/de\/wp-json\/wp\/v2\/comments?post=1373"}],"version-history":[{"count":6,"href":"https:\/\/katinola.ro\/de\/wp-json\/wp\/v2\/pages\/1373\/revisions"}],"predecessor-version":[{"id":1441,"href":"https:\/\/katinola.ro\/de\/wp-json\/wp\/v2\/pages\/1373\/revisions\/1441"}],"wp:attachment":[{"href":"https:\/\/katinola.ro\/de\/wp-json\/wp\/v2\/media?parent=1373"}],"curies":[{"name":"wp","href":"https:\/\/api.w.org\/{rel}","templated":true}]}}