{"id":754,"date":"2024-07-11T13:40:58","date_gmt":"2024-07-11T13:40:58","guid":{"rendered":"https:\/\/katinola.ro\/shop\/nectar-organic-de-catina-cu-afine-50-ml\/"},"modified":"2025-07-15T11:30:52","modified_gmt":"2025-07-15T11:30:52","slug":"nectar-organic-de-catina-cu-afine-250-ml","status":"publish","type":"product","link":"https:\/\/katinola.ro\/de\/shop\/nectar-organic-de-catina-cu-afine-250-ml\/","title":{"rendered":"NECTAR ORGANIC DE C\u0102TIN\u0102 CU AFINE | 250 ML"},"content":{"rendered":"<div class=\"wpb-content-wrapper\"><p>[vc_row][vc_column][vc_column_text css=&#8220;&#8220;]<strong>Caracteristici:<\/strong><\/p>\n<ul>\n<li>Bogat \u00een vitamina C<\/li>\n<li>F\u0103r\u0103 conservan\u021bi<\/li>\n<li>Pasteurizat<\/li>\n<li>Indice glicemic sc\u0103zut<\/li>\n<li>Vegan<\/li>\n<\/ul>\n<p><strong>Beneficii:<\/strong><\/p>\n<ul>\n<li>Contribuie la func\u021bionarea normal\u0103 a sistemului imunitar<\/li>\n<li>Reduce stresul oxidativ<\/li>\n<li>Sprijin\u0103 pierderea \u00een greutate<\/li>\n<li>Cocktail puternic de antioxidan\u021bi<\/li>\n<li>Combatant puternic \u00een lupta \u00eempotriva radicalilor liberi<\/li>\n<li>Sus\u021bine regenerarea celular\u0103<\/li>\n<\/ul>\n<p><strong>Metoda de administrare:<\/strong><br \/>\nProdus potrivit pentru toate v\u00e2rstele.<br \/>\nAcesta poate fi consumat zilnic. Pentru efecte maxime, se recomand\u0103 un consum de cel pu\u021bin 1 lun\u0103.<br \/>\nCon\u021binutul 100% natural face ca fazele s\u0103 se separe atunci c\u00e2nd sticla r\u0103m\u00e2ne nemi\u0219cat\u0103 pentru o perioad\u0103 mai lung\u0103 de timp.<br \/>\nV\u0103 rug\u0103m s\u0103 amesteca\u021bi bine con\u021binutul \u00eenainte de consum.<\/p>\n<p><strong>Recomandare de servire:<\/strong><br \/>\nConsuma\u021bi ca atare.<\/p>\n<p><strong>Mod de stocare:<\/strong><br \/>\nA se p\u0103stra \u00eentr-un loc r\u0103coros, ferit de lumina soarelui.<br \/>\nDup\u0103 deschidere, se p\u0103streaz\u0103 \u00een frigider \u0219i se consum\u0103 \u00een maximum 2 s\u0103pt\u0103m\u00e2ni.<\/p>\n<p><strong>\u021aara de origine:<\/strong><br \/>\nRom\u00e2nia \/ UE<\/p>\n<p><strong>Ingrediente:<\/strong><br \/>\nAp\u0103, 25% ECO suc de c\u0103tin\u0103 de mare<em>(Hippopae rhamnoides<\/em> L.), 20% ECO suc de afine, ECO sirop de agave<\/p>\n<p><strong>Ambalare \u0219i cantitate:<\/strong><br \/>\nSticl\u0103 de culoare chihlimbar pentru a proteja produsul din interior de lumina soarelui \u0219i de razele UV<br \/>\n250 ml<\/p>\n<p><strong>Valori nutri\u021bionale<\/strong><\/p>\n<table width=\"0\">\n<tbody>\n<tr>\n<td width=\"168\">INFORMA\u021aII NUTRI\u021aIONALE<\/td>\n<td width=\"109\">Per por\u021bie 50 ml<\/td>\n<td width=\"95\">Per 100 ml<\/td>\n<\/tr>\n<tr>\n<td width=\"168\">Por\u021bie per pachet<\/td>\n<td colspan=\"2\" width=\"204\">5<\/td>\n<\/tr>\n<tr>\n<td width=\"168\">Dimensiune por\u021bie<\/td>\n<td colspan=\"2\" width=\"204\">50 ml<\/td>\n<\/tr>\n<tr>\n<td width=\"168\">Energie<\/td>\n<td width=\"109\">14 kcal (61 kJ)<\/td>\n<td width=\"95\">29 kcal (122 kJ)<\/td>\n<\/tr>\n<tr>\n<td width=\"168\">Proteine (g)<\/td>\n<td width=\"109\">0.1<\/td>\n<td width=\"95\">0.2<\/td>\n<\/tr>\n<tr>\n<td width=\"168\">Gr\u0103sime total\u0103 (g)<\/td>\n<td width=\"109\">0.25<\/td>\n<td width=\"95\">0.5<\/td>\n<\/tr>\n<tr>\n<td width=\"168\">Gr\u0103simi saturate (g)<\/td>\n<td width=\"109\">0.1<\/td>\n<td width=\"95\">0.2<\/td>\n<\/tr>\n<tr>\n<td width=\"168\">Acizi Omega-6<\/td>\n<td width=\"109\">0.02<\/td>\n<td width=\"95\">0.04<\/td>\n<\/tr>\n<tr>\n<td width=\"168\">Acizi Omega-7<\/td>\n<td width=\"109\">0.085<\/td>\n<td width=\"95\">0.17<\/td>\n<\/tr>\n<tr>\n<td width=\"168\">Acizi Omega-9<\/td>\n<td width=\"109\">0.055<\/td>\n<td width=\"95\">0.11<\/td>\n<\/tr>\n<tr>\n<td width=\"168\">Colesterol (g)<\/td>\n<td width=\"109\">0<\/td>\n<td width=\"95\">0<\/td>\n<\/tr>\n<tr>\n<td width=\"168\">Carbohidra\u021bi (g)<\/td>\n<td width=\"109\">3.6<\/td>\n<td width=\"95\">7.2<\/td>\n<\/tr>\n<tr>\n<td width=\"168\">Zah\u0103r total (g)<\/td>\n<td width=\"109\">2.6<\/td>\n<td width=\"95\">5.2<\/td>\n<\/tr>\n<tr>\n<td width=\"168\">Zah\u0103r ad\u0103ugat (g)<\/td>\n<td width=\"109\">2.6<\/td>\n<td width=\"95\">5.2<\/td>\n<\/tr>\n<tr>\n<td width=\"168\">Fibre dietetice (g)<\/td>\n<td width=\"109\">0.15<\/td>\n<td width=\"95\">0.3<\/td>\n<\/tr>\n<tr>\n<td width=\"168\">Sodiu (mg)<\/td>\n<td width=\"109\">0.2<\/td>\n<td width=\"95\">0.4<\/td>\n<\/tr>\n<tr>\n<td width=\"168\"><strong>Vitamine \u0219i minerale<\/strong><\/td>\n<td width=\"109\"><strong>Per por\u021bie 50 ml<\/strong><\/td>\n<td width=\"95\"><strong>Per 100 ml<\/strong><\/td>\n<\/tr>\n<tr>\n<td width=\"168\">Vitamina C (mg)<\/td>\n<td width=\"109\">9.87<\/td>\n<td width=\"95\">19.74<\/td>\n<\/tr>\n<\/tbody>\n<\/table>\n<p>* Analizele au fost efectuate la institute de cercetare \u0219i dezvoltare autorizate \u0219i certificate[\/vc_column_text][\/vc_column][\/vc_row]<\/p>\n<\/div>","protected":false},"excerpt":{"rendered":"<p><strong>Pre\u021b pe litru: 68,00 lei<\/strong><br \/>\n<strong>Pre\u021b pe bucat\u0103: 17,00 lei<\/strong><\/p>\n<p><strong>Produs din fructe integrale organice presate la rece<\/strong><br \/>\n<strong>F\u0103r\u0103 zah\u0103r ad\u0103ugat<\/strong><br \/>\n<strong>Alimente func\u021bionale<\/strong><\/p>\n","protected":false},"featured_media":792,"comment_status":"closed","ping_status":"closed","template":"","meta":{"_acf_changed":false,"ocean_post_layout":"","ocean_both_sidebars_style":"","ocean_both_sidebars_content_width":0,"ocean_both_sidebars_sidebars_width":0,"ocean_sidebar":"0","ocean_second_sidebar":"0","ocean_disable_margins":"enable","ocean_add_body_class":"","ocean_shortcode_before_top_bar":"","ocean_shortcode_after_top_bar":"","ocean_shortcode_before_header":"","ocean_shortcode_after_header":"","ocean_has_shortcode":"","ocean_shortcode_after_title":"","ocean_shortcode_before_footer_widgets":"","ocean_shortcode_after_footer_widgets":"","ocean_shortcode_before_footer_bottom":"","ocean_shortcode_after_footer_bottom":"","ocean_display_top_bar":"default","ocean_display_header":"default","ocean_header_style":"","ocean_center_header_left_menu":"0","ocean_custom_header_template":"0","ocean_custom_logo":0,"ocean_custom_retina_logo":0,"ocean_custom_logo_max_width":0,"ocean_custom_logo_tablet_max_width":0,"ocean_custom_logo_mobile_max_width":0,"ocean_custom_logo_max_height":0,"ocean_custom_logo_tablet_max_height":0,"ocean_custom_logo_mobile_max_height":0,"ocean_header_custom_menu":"0","ocean_menu_typo_font_family":"0","ocean_menu_typo_font_subset":"","ocean_menu_typo_font_size":0,"ocean_menu_typo_font_size_tablet":0,"ocean_menu_typo_font_size_mobile":0,"ocean_menu_typo_font_size_unit":"px","ocean_menu_typo_font_weight":"","ocean_menu_typo_font_weight_tablet":"","ocean_menu_typo_font_weight_mobile":"","ocean_menu_typo_transform":"","ocean_menu_typo_transform_tablet":"","ocean_menu_typo_transform_mobile":"","ocean_menu_typo_line_height":0,"ocean_menu_typo_line_height_tablet":0,"ocean_menu_typo_line_height_mobile":0,"ocean_menu_typo_line_height_unit":"","ocean_menu_typo_spacing":0,"ocean_menu_typo_spacing_tablet":0,"ocean_menu_typo_spacing_mobile":0,"ocean_menu_typo_spacing_unit":"","ocean_menu_link_color":"","ocean_menu_link_color_hover":"","ocean_menu_link_color_active":"","ocean_menu_link_background":"","ocean_menu_link_hover_background":"","ocean_menu_link_active_background":"","ocean_menu_social_links_bg":"","ocean_menu_social_hover_links_bg":"","ocean_menu_social_links_color":"","ocean_menu_social_hover_links_color":"","ocean_disable_title":"default","ocean_disable_heading":"default","ocean_post_title":"","ocean_post_subheading":"","ocean_post_title_style":"","ocean_post_title_background_color":"","ocean_post_title_background":0,"ocean_post_title_bg_image_position":"","ocean_post_title_bg_image_attachment":"","ocean_post_title_bg_image_repeat":"","ocean_post_title_bg_image_size":"","ocean_post_title_height":0,"ocean_post_title_bg_overlay":0.5,"ocean_post_title_bg_overlay_color":"","ocean_disable_breadcrumbs":"default","ocean_breadcrumbs_color":"","ocean_breadcrumbs_separator_color":"","ocean_breadcrumbs_links_color":"","ocean_breadcrumbs_links_hover_color":"","ocean_display_footer_widgets":"default","ocean_display_footer_bottom":"default","ocean_custom_footer_template":"0"},"product_cat":[47],"product_tag":[],"class_list":{"0":"post-754","1":"product","2":"type-product","3":"status-publish","4":"has-post-thumbnail","6":"product_cat-bauturi","8":"entry","9":"has-media","11":"first","12":"instock","13":"shipping-taxable","14":"purchasable","15":"product-type-simple","16":"has-product-nav","17":"col","18":"span_1_of_3","19":"owp-content-center","20":"owp-thumbs-layout-horizontal","21":"owp-btn-normal","22":"owp-tabs-layout-horizontal","23":"has-no-thumbnails"},"acf":[],"yoast_head":"<!-- This site is optimized with the Yoast SEO plugin v23.3 - https:\/\/yoast.com\/wordpress\/plugins\/seo\/ -->\n<title>NECTAR ORGANIC DE C\u0102TIN\u0102 CU AFINE | 250 ML | Katinola<\/title>\n<meta name=\"robots\" content=\"index, follow, max-snippet:-1, max-image-preview:large, max-video-preview:-1\" \/>\n<link rel=\"canonical\" href=\"https:\/\/katinola.ro\/de\/shop\/nectar-organic-de-catina-cu-afine-250-ml\/\" \/>\n<meta property=\"og:locale\" content=\"de_DE\" \/>\n<meta property=\"og:type\" content=\"article\" \/>\n<meta property=\"og:title\" content=\"NECTAR ORGANIC DE C\u0102TIN\u0102 CU AFINE | 250 ML | Katinola\" \/>\n<meta property=\"og:description\" content=\"Pre\u021b pe litru: 68,00 lei Pre\u021b pe bucat\u0103: 17,00 lei  Produs din fructe integrale organice presate la rece F\u0103r\u0103 zah\u0103r ad\u0103ugat Alimente func\u021bionale\" \/>\n<meta property=\"og:url\" content=\"https:\/\/katinola.ro\/de\/shop\/nectar-organic-de-catina-cu-afine-250-ml\/\" \/>\n<meta property=\"og:site_name\" content=\"Katinola\" \/>\n<meta property=\"article:modified_time\" content=\"2025-07-15T11:30:52+00:00\" \/>\n<meta property=\"og:image\" content=\"https:\/\/katinola.ro\/wp-content\/uploads\/product-katinola-afine.jpg\" \/>\n\t<meta property=\"og:image:width\" content=\"1200\" \/>\n\t<meta property=\"og:image:height\" content=\"900\" \/>\n\t<meta property=\"og:image:type\" content=\"image\/jpeg\" \/>\n<meta name=\"twitter:card\" content=\"summary_large_image\" \/>\n<meta name=\"twitter:label1\" content=\"Gesch\u00e4tzte Lesezeit\" \/>\n\t<meta name=\"twitter:data1\" content=\"2\u00a0Minuten\" \/>\n<script type=\"application\/ld+json\" class=\"yoast-schema-graph\">{\"@context\":\"https:\/\/schema.org\",\"@graph\":[{\"@type\":\"WebPage\",\"@id\":\"https:\/\/katinola.ro\/de\/shop\/nectar-organic-de-catina-cu-afine-250-ml\/\",\"url\":\"https:\/\/katinola.ro\/de\/shop\/nectar-organic-de-catina-cu-afine-250-ml\/\",\"name\":\"NECTAR ORGANIC DE C\u0102TIN\u0102 CU AFINE | 250 ML | Katinola\",\"isPartOf\":{\"@id\":\"https:\/\/katinola.ro\/de\/#website\"},\"primaryImageOfPage\":{\"@id\":\"https:\/\/katinola.ro\/de\/shop\/nectar-organic-de-catina-cu-afine-250-ml\/#primaryimage\"},\"image\":{\"@id\":\"https:\/\/katinola.ro\/de\/shop\/nectar-organic-de-catina-cu-afine-250-ml\/#primaryimage\"},\"thumbnailUrl\":\"https:\/\/katinola.ro\/wp-content\/uploads\/product-katinola-afine.jpg\",\"datePublished\":\"2024-07-11T13:40:58+00:00\",\"dateModified\":\"2025-07-15T11:30:52+00:00\",\"breadcrumb\":{\"@id\":\"https:\/\/katinola.ro\/de\/shop\/nectar-organic-de-catina-cu-afine-250-ml\/#breadcrumb\"},\"inLanguage\":\"de\",\"potentialAction\":[{\"@type\":\"ReadAction\",\"target\":[\"https:\/\/katinola.ro\/de\/shop\/nectar-organic-de-catina-cu-afine-250-ml\/\"]}]},{\"@type\":\"ImageObject\",\"inLanguage\":\"de\",\"@id\":\"https:\/\/katinola.ro\/de\/shop\/nectar-organic-de-catina-cu-afine-250-ml\/#primaryimage\",\"url\":\"https:\/\/katinola.ro\/wp-content\/uploads\/product-katinola-afine.jpg\",\"contentUrl\":\"https:\/\/katinola.ro\/wp-content\/uploads\/product-katinola-afine.jpg\",\"width\":1200,\"height\":900},{\"@type\":\"BreadcrumbList\",\"@id\":\"https:\/\/katinola.ro\/de\/shop\/nectar-organic-de-catina-cu-afine-250-ml\/#breadcrumb\",\"itemListElement\":[{\"@type\":\"ListItem\",\"position\":1,\"name\":\"Home\",\"item\":\"https:\/\/katinola.ro\/de\/\"},{\"@type\":\"ListItem\",\"position\":2,\"name\":\"Magazin\",\"item\":\"https:\/\/katinola.ro\/magazin\/\"},{\"@type\":\"ListItem\",\"position\":3,\"name\":\"NECTAR ORGANIC DE C\u0102TIN\u0102 CU AFINE | 250 ML\"}]},{\"@type\":\"WebSite\",\"@id\":\"https:\/\/katinola.ro\/de\/#website\",\"url\":\"https:\/\/katinola.ro\/de\/\",\"name\":\"Katinola\",\"description\":\"\",\"publisher\":{\"@id\":\"https:\/\/katinola.ro\/de\/#organization\"},\"potentialAction\":[{\"@type\":\"SearchAction\",\"target\":{\"@type\":\"EntryPoint\",\"urlTemplate\":\"https:\/\/katinola.ro\/de\/?s={search_term_string}\"},\"query-input\":\"required name=search_term_string\"}],\"inLanguage\":\"de\"},{\"@type\":\"Organization\",\"@id\":\"https:\/\/katinola.ro\/de\/#organization\",\"name\":\"Katinola\",\"url\":\"https:\/\/katinola.ro\/de\/\",\"logo\":{\"@type\":\"ImageObject\",\"inLanguage\":\"de\",\"@id\":\"https:\/\/katinola.ro\/de\/#\/schema\/logo\/image\/\",\"url\":\"https:\/\/katinola.ro\/wp-content\/uploads\/Logo-Katinola-1.png\",\"contentUrl\":\"https:\/\/katinola.ro\/wp-content\/uploads\/Logo-Katinola-1.png\",\"width\":862,\"height\":307,\"caption\":\"Katinola\"},\"image\":{\"@id\":\"https:\/\/katinola.ro\/de\/#\/schema\/logo\/image\/\"}}]}<\/script>\n<!-- \/ Yoast SEO plugin. -->","yoast_head_json":{"title":"NECTAR ORGANIC DE C\u0102TIN\u0102 CU AFINE | 250 ML | Katinola","robots":{"index":"index","follow":"follow","max-snippet":"max-snippet:-1","max-image-preview":"max-image-preview:large","max-video-preview":"max-video-preview:-1"},"canonical":"https:\/\/katinola.ro\/de\/shop\/nectar-organic-de-catina-cu-afine-250-ml\/","og_locale":"de_DE","og_type":"article","og_title":"NECTAR ORGANIC DE C\u0102TIN\u0102 CU AFINE | 250 ML | Katinola","og_description":"Pre\u021b pe litru: 68,00 lei Pre\u021b pe bucat\u0103: 17,00 lei  Produs din fructe integrale organice presate la rece F\u0103r\u0103 zah\u0103r ad\u0103ugat Alimente func\u021bionale","og_url":"https:\/\/katinola.ro\/de\/shop\/nectar-organic-de-catina-cu-afine-250-ml\/","og_site_name":"Katinola","article_modified_time":"2025-07-15T11:30:52+00:00","og_image":[{"width":1200,"height":900,"url":"https:\/\/katinola.ro\/wp-content\/uploads\/product-katinola-afine.jpg","type":"image\/jpeg"}],"twitter_card":"summary_large_image","twitter_misc":{"Gesch\u00e4tzte Lesezeit":"2\u00a0Minuten"},"schema":{"@context":"https:\/\/schema.org","@graph":[{"@type":"WebPage","@id":"https:\/\/katinola.ro\/de\/shop\/nectar-organic-de-catina-cu-afine-250-ml\/","url":"https:\/\/katinola.ro\/de\/shop\/nectar-organic-de-catina-cu-afine-250-ml\/","name":"NECTAR ORGANIC DE C\u0102TIN\u0102 CU AFINE | 250 ML | Katinola","isPartOf":{"@id":"https:\/\/katinola.ro\/de\/#website"},"primaryImageOfPage":{"@id":"https:\/\/katinola.ro\/de\/shop\/nectar-organic-de-catina-cu-afine-250-ml\/#primaryimage"},"image":{"@id":"https:\/\/katinola.ro\/de\/shop\/nectar-organic-de-catina-cu-afine-250-ml\/#primaryimage"},"thumbnailUrl":"https:\/\/katinola.ro\/wp-content\/uploads\/product-katinola-afine.jpg","datePublished":"2024-07-11T13:40:58+00:00","dateModified":"2025-07-15T11:30:52+00:00","breadcrumb":{"@id":"https:\/\/katinola.ro\/de\/shop\/nectar-organic-de-catina-cu-afine-250-ml\/#breadcrumb"},"inLanguage":"de","potentialAction":[{"@type":"ReadAction","target":["https:\/\/katinola.ro\/de\/shop\/nectar-organic-de-catina-cu-afine-250-ml\/"]}]},{"@type":"ImageObject","inLanguage":"de","@id":"https:\/\/katinola.ro\/de\/shop\/nectar-organic-de-catina-cu-afine-250-ml\/#primaryimage","url":"https:\/\/katinola.ro\/wp-content\/uploads\/product-katinola-afine.jpg","contentUrl":"https:\/\/katinola.ro\/wp-content\/uploads\/product-katinola-afine.jpg","width":1200,"height":900},{"@type":"BreadcrumbList","@id":"https:\/\/katinola.ro\/de\/shop\/nectar-organic-de-catina-cu-afine-250-ml\/#breadcrumb","itemListElement":[{"@type":"ListItem","position":1,"name":"Home","item":"https:\/\/katinola.ro\/de\/"},{"@type":"ListItem","position":2,"name":"Magazin","item":"https:\/\/katinola.ro\/magazin\/"},{"@type":"ListItem","position":3,"name":"NECTAR ORGANIC DE C\u0102TIN\u0102 CU AFINE | 250 ML"}]},{"@type":"WebSite","@id":"https:\/\/katinola.ro\/de\/#website","url":"https:\/\/katinola.ro\/de\/","name":"Katinola","description":"","publisher":{"@id":"https:\/\/katinola.ro\/de\/#organization"},"potentialAction":[{"@type":"SearchAction","target":{"@type":"EntryPoint","urlTemplate":"https:\/\/katinola.ro\/de\/?s={search_term_string}"},"query-input":"required name=search_term_string"}],"inLanguage":"de"},{"@type":"Organization","@id":"https:\/\/katinola.ro\/de\/#organization","name":"Katinola","url":"https:\/\/katinola.ro\/de\/","logo":{"@type":"ImageObject","inLanguage":"de","@id":"https:\/\/katinola.ro\/de\/#\/schema\/logo\/image\/","url":"https:\/\/katinola.ro\/wp-content\/uploads\/Logo-Katinola-1.png","contentUrl":"https:\/\/katinola.ro\/wp-content\/uploads\/Logo-Katinola-1.png","width":862,"height":307,"caption":"Katinola"},"image":{"@id":"https:\/\/katinola.ro\/de\/#\/schema\/logo\/image\/"}}]}},"_links":{"self":[{"href":"https:\/\/katinola.ro\/de\/wp-json\/wp\/v2\/product\/754"}],"collection":[{"href":"https:\/\/katinola.ro\/de\/wp-json\/wp\/v2\/product"}],"about":[{"href":"https:\/\/katinola.ro\/de\/wp-json\/wp\/v2\/types\/product"}],"replies":[{"embeddable":true,"href":"https:\/\/katinola.ro\/de\/wp-json\/wp\/v2\/comments?post=754"}],"wp:featuredmedia":[{"embeddable":true,"href":"https:\/\/katinola.ro\/de\/wp-json\/wp\/v2\/media\/792"}],"wp:attachment":[{"href":"https:\/\/katinola.ro\/de\/wp-json\/wp\/v2\/media?parent=754"}],"wp:term":[{"taxonomy":"product_cat","embeddable":true,"href":"https:\/\/katinola.ro\/de\/wp-json\/wp\/v2\/product_cat?post=754"},{"taxonomy":"product_tag","embeddable":true,"href":"https:\/\/katinola.ro\/de\/wp-json\/wp\/v2\/product_tag?post=754"}],"curies":[{"name":"wp","href":"https:\/\/api.w.org\/{rel}","templated":true}]}}