{"id":756,"date":"2024-07-11T13:40:14","date_gmt":"2024-07-11T13:40:14","guid":{"rendered":"https:\/\/katinola.ro\/shop\/catina-organica-macinata-50-g\/"},"modified":"2025-07-15T11:31:50","modified_gmt":"2025-07-15T11:31:50","slug":"catina-organica-macinata-50-gr","status":"publish","type":"product","link":"https:\/\/katinola.ro\/de\/shop\/catina-organica-macinata-50-gr\/","title":{"rendered":"C\u0102TIN\u0102 ORGANIC\u0102 M\u0102CINAT\u0102 | 50 GR"},"content":{"rendered":"<div class=\"wpb-content-wrapper\"><p>[vc_row][vc_column][vc_column_text css=&#8220;&#8220;]<strong>Caracteristici:<\/strong><\/p>\n<ul>\n<li>Bogat \u00een vitamina C<\/li>\n<li>F\u0103r\u0103 conservan\u021bi<\/li>\n<li>Indice glicemic sc\u0103zut<\/li>\n<li>Vegan<\/li>\n<li>Surs\u0103 de fibre<\/li>\n<li>Bogat \u00een vitaminele C, E, D2 \u0219i K1<\/li>\n<li>Con\u021bine beta-caroten \u0219i vitamina A<\/li>\n<li>Con\u021binut ridicat de acizi gra\u0219i nesatura\u021bi, \u00een special <strong>Omega 7<\/strong><\/li>\n<\/ul>\n<p><strong>Beneficii:<\/strong><\/p>\n<ul>\n<li>Contribuie la func\u021bionarea normal\u0103 a sistemului imunitar<\/li>\n<li>Reduce stresul oxidativ<\/li>\n<li>Sprijin\u0103 pierderea \u00een greutate<\/li>\n<li>Reduce nivelul de colesterol \u0219i trigliceride<\/li>\n<li>Stimuleaz\u0103 s\u0103n\u0103tatea cardiovascular\u0103<\/li>\n<li>Ajut\u0103 la formarea colagenului<\/li>\n<li>Con\u021binutul ridicat de zinc stimuleaz\u0103 \u00een mod natural men\u021binerea nivelului de testosteron<\/li>\n<li>Acizii gra\u0219i <strong>Omega 7<\/strong> sus\u021bin revitalizarea la nivel celular<\/li>\n<li>Efect anti-\u00eemb\u0103tr\u00e2nire<\/li>\n<li>\u00cembun\u0103t\u0103\u021be\u0219te starea de spirit \u0219i stimuleaz\u0103 buna func\u021bionare a creierului<\/li>\n<li>Contribuie la \u00eembun\u0103t\u0103\u021birea s\u0103n\u0103t\u0103\u021bii pielii<\/li>\n<\/ul>\n<p><strong>Metoda de administrare:<\/strong><br \/>\nProdus potrivit pentru toate v\u00e2rstele.<br \/>\nPentru efecte maxime, se recomand\u0103 un consum de cel pu\u021bin 1 lun\u0103.<\/p>\n<p><strong>Recomandare de servire:<\/strong><br \/>\nConsuma\u021bi ca atare sau:<\/p>\n<ul>\n<li>Amestecat cu miere de albine &#8211; 50 gr c\u0103tin\u0103 de mare m\u0103cinat\u0103 + 100 gr miere<\/li>\n<li>Amestecat cu iaurt &#8211; 1 linguri\u021b\u0103 de c\u0103tin\u0103 de mare m\u0103cinat\u0103 la 100 gr de iaurt<\/li>\n<li>Amestecate \u00eentr-un smoothie &#8211; dup\u0103 gust<\/li>\n<\/ul>\n<p><strong>Mod de stocare:<\/strong><br \/>\nA se p\u0103stra \u00eentr-un loc r\u0103coros, ferit de lumina soarelui.<\/p>\n<p><strong>\u021aara de origine:<\/strong><br \/>\nRom\u00e2nia \/ UE<\/p>\n<p><strong>Ingrediente:<\/strong><br \/>\n100% ECO de c\u0103tin\u0103 de mare organic\u0103<em>(Hippopae rhamnoides<\/em> L.) m\u0103cinat\u0103 din fructe \u00eentregi deshidratate<\/p>\n<p><strong>Ambalare \u0219i cantitate:<\/strong><br \/>\nPung\u0103 cu fermoar din material special care asigur\u0103 p\u0103strarea produsului \u00een condi\u021bii optime<br \/>\n50 gr<\/p>\n<p><strong>Valori nutri\u021bionale<\/strong><\/p>\n<table width=\"0\">\n<tbody>\n<tr>\n<td rowspan=\"2\" width=\"174\"><strong>INFORMA\u021aII NUTRI\u021aIONALE<\/strong><\/td>\n<td rowspan=\"2\" width=\"126\"><strong>Per por\u021bie 10 g<\/strong><\/td>\n<td rowspan=\"2\" width=\"127\"><strong>per 100 g<\/strong><\/td>\n<td width=\"0\"><\/td>\n<\/tr>\n<tr>\n<td><\/td>\n<td width=\"0\"><\/td>\n<\/tr>\n<tr>\n<td width=\"174\">Por\u021bie per pachet<\/td>\n<td colspan=\"2\" width=\"253\">5<\/td>\n<td><\/td>\n<td width=\"0\"><\/td>\n<\/tr>\n<tr>\n<td width=\"174\">Dimensiune por\u021bie<\/td>\n<td colspan=\"2\" width=\"253\">10 g<\/td>\n<td><\/td>\n<td width=\"0\"><\/td>\n<\/tr>\n<tr>\n<td width=\"174\">Energie<\/td>\n<td width=\"126\">45 kcal (189 kJ)<\/td>\n<td width=\"127\">451 kcal (1892 kJ)<\/td>\n<td><\/td>\n<td width=\"0\"><\/td>\n<\/tr>\n<tr>\n<td width=\"174\">Proteine (g)<\/td>\n<td width=\"126\">1.18<\/td>\n<td width=\"127\">11.8<\/td>\n<td><\/td>\n<td width=\"0\"><\/td>\n<\/tr>\n<tr>\n<td width=\"174\">Gr\u0103sime total\u0103 (g)<\/td>\n<td width=\"126\">1.18<\/td>\n<td width=\"127\">11.8<\/td>\n<td><\/td>\n<td width=\"0\"><\/td>\n<\/tr>\n<tr>\n<td width=\"174\">Gr\u0103simi saturate (g)<\/td>\n<td width=\"126\">0.38<\/td>\n<td width=\"127\">3.8<\/td>\n<td><\/td>\n<td width=\"0\"><\/td>\n<\/tr>\n<tr>\n<td width=\"174\">Gr\u0103simi mononesaturate (g)<\/td>\n<td width=\"126\">0.58<\/td>\n<td width=\"127\">5.8<\/td>\n<td><\/td>\n<td width=\"0\"><\/td>\n<\/tr>\n<tr>\n<td width=\"174\">Omega 7 (mg)<\/td>\n<td width=\"126\">721.5<\/td>\n<td width=\"127\">7215<\/td>\n<td><\/td>\n<td width=\"0\"><\/td>\n<\/tr>\n<tr>\n<td width=\"174\">Omega 9 (mg)<\/td>\n<td width=\"126\">66.55<\/td>\n<td width=\"127\">665.5<\/td>\n<td><\/td>\n<td width=\"0\"><\/td>\n<\/tr>\n<tr>\n<td width=\"174\">Gr\u0103simi polinesaturate (g)<\/td>\n<td width=\"126\">0.16<\/td>\n<td width=\"127\">1.6<\/td>\n<td><\/td>\n<td width=\"0\"><\/td>\n<\/tr>\n<tr>\n<td width=\"174\">Omega 3 (mg)<\/td>\n<td width=\"126\">13.4<\/td>\n<td width=\"127\">133.8<\/td>\n<td><\/td>\n<td width=\"0\"><\/td>\n<\/tr>\n<tr>\n<td width=\"174\">Omega 6 (mg)<\/td>\n<td width=\"126\">144.4<\/td>\n<td width=\"127\">1444.4<\/td>\n<td><\/td>\n<td width=\"0\"><\/td>\n<\/tr>\n<tr>\n<td width=\"174\">Gr\u0103simi trans (g)<\/td>\n<td width=\"126\">0.07<\/td>\n<td width=\"127\">0.66<\/td>\n<td><\/td>\n<td width=\"0\"><\/td>\n<\/tr>\n<tr>\n<td width=\"174\">Colesterol (g)<\/td>\n<td width=\"126\">0.00<\/td>\n<td width=\"127\">0.00<\/td>\n<td><\/td>\n<td width=\"0\"><\/td>\n<\/tr>\n<tr>\n<td width=\"174\">Carbohidra\u021bi (g)<\/td>\n<td width=\"126\">6.4<\/td>\n<td width=\"127\">64<\/td>\n<td><\/td>\n<td width=\"0\"><\/td>\n<\/tr>\n<tr>\n<td width=\"174\">Zah\u0103r total (g)<\/td>\n<td width=\"126\">0.26<\/td>\n<td width=\"127\">2.6<\/td>\n<td><\/td>\n<td width=\"0\"><\/td>\n<\/tr>\n<tr>\n<td width=\"174\">Zah\u0103r ad\u0103ugat (g)<\/td>\n<td width=\"126\">0.00<\/td>\n<td width=\"127\">0.00<\/td>\n<td><\/td>\n<td width=\"0\"><\/td>\n<\/tr>\n<tr>\n<td width=\"174\">Fibre dietetice (g)<\/td>\n<td width=\"126\">2.08<\/td>\n<td width=\"127\">20.8<\/td>\n<td><\/td>\n<td width=\"0\"><\/td>\n<\/tr>\n<tr>\n<td width=\"174\">Sodiu (mg)<\/td>\n<td width=\"126\">1.2<\/td>\n<td width=\"127\">12<\/td>\n<td><\/td>\n<td width=\"0\"><\/td>\n<\/tr>\n<tr>\n<td width=\"174\"><strong>Vitamine \u0219i minerale<\/strong><\/td>\n<td width=\"126\"><strong>Per por\u021bie 10 g<\/strong><\/td>\n<td width=\"127\"><strong>Per 100 g<\/strong><\/td>\n<td><\/td>\n<td width=\"0\"><\/td>\n<\/tr>\n<tr>\n<td width=\"174\">Vitamina <sub>K1<\/sub> (\u03bcg)<\/td>\n<td width=\"126\">30<\/td>\n<td width=\"127\">300<\/td>\n<td><\/td>\n<td width=\"0\"><\/td>\n<\/tr>\n<tr>\n<td width=\"174\">Vitamina A (\u03bcg)<\/td>\n<td width=\"126\">20.6<\/td>\n<td width=\"127\">206<\/td>\n<td><\/td>\n<td width=\"0\"><\/td>\n<\/tr>\n<tr>\n<td width=\"174\">Vitamina<sub>D2<\/sub> (\u03bcg)<\/td>\n<td width=\"126\">0.1<\/td>\n<td width=\"127\">1<\/td>\n<td><\/td>\n<td width=\"0\"><\/td>\n<\/tr>\n<tr>\n<td width=\"174\">Fier (mg)<\/td>\n<td width=\"126\">1.08<\/td>\n<td width=\"127\">10.8<\/td>\n<td><\/td>\n<td width=\"0\"><\/td>\n<\/tr>\n<tr>\n<td width=\"174\">Mangan (mg)<\/td>\n<td width=\"126\">0.11<\/td>\n<td width=\"127\">1.12<\/td>\n<td><\/td>\n<td width=\"0\"><\/td>\n<\/tr>\n<tr>\n<td width=\"174\">Beta &#8211; caroten (mg)<\/td>\n<td width=\"126\">0.0354<\/td>\n<td width=\"127\">0.354<\/td>\n<td><\/td>\n<td width=\"0\"><\/td>\n<\/tr>\n<\/tbody>\n<\/table>\n<p>* Analizele au fost efectuate la institute de cercetare \u0219i dezvoltare autorizate \u0219i certificate[\/vc_column_text][\/vc_column][\/vc_row]<\/p>\n<\/div>","protected":false},"excerpt":{"rendered":"<p><strong>Pre\u021b pe 100 gr: 90,00 lei<\/strong><br \/>\n<strong>Pre\u021b pe bucat\u0103: 45,00 lei<\/strong><\/p>\n<p><strong>Produs din fructe integrale ecologice<br \/>\nF\u0103r\u0103 zah\u0103r ad\u0103ugat<br \/>\nAlimente func\u021bionale<\/strong><\/p>\n","protected":false},"featured_media":844,"comment_status":"closed","ping_status":"closed","template":"","meta":{"_acf_changed":false,"ocean_post_layout":"","ocean_both_sidebars_style":"","ocean_both_sidebars_content_width":0,"ocean_both_sidebars_sidebars_width":0,"ocean_sidebar":"0","ocean_second_sidebar":"0","ocean_disable_margins":"enable","ocean_add_body_class":"","ocean_shortcode_before_top_bar":"","ocean_shortcode_after_top_bar":"","ocean_shortcode_before_header":"","ocean_shortcode_after_header":"","ocean_has_shortcode":"","ocean_shortcode_after_title":"","ocean_shortcode_before_footer_widgets":"","ocean_shortcode_after_footer_widgets":"","ocean_shortcode_before_footer_bottom":"","ocean_shortcode_after_footer_bottom":"","ocean_display_top_bar":"default","ocean_display_header":"default","ocean_header_style":"","ocean_center_header_left_menu":"0","ocean_custom_header_template":"0","ocean_custom_logo":0,"ocean_custom_retina_logo":0,"ocean_custom_logo_max_width":0,"ocean_custom_logo_tablet_max_width":0,"ocean_custom_logo_mobile_max_width":0,"ocean_custom_logo_max_height":0,"ocean_custom_logo_tablet_max_height":0,"ocean_custom_logo_mobile_max_height":0,"ocean_header_custom_menu":"0","ocean_menu_typo_font_family":"0","ocean_menu_typo_font_subset":"","ocean_menu_typo_font_size":0,"ocean_menu_typo_font_size_tablet":0,"ocean_menu_typo_font_size_mobile":0,"ocean_menu_typo_font_size_unit":"px","ocean_menu_typo_font_weight":"","ocean_menu_typo_font_weight_tablet":"","ocean_menu_typo_font_weight_mobile":"","ocean_menu_typo_transform":"","ocean_menu_typo_transform_tablet":"","ocean_menu_typo_transform_mobile":"","ocean_menu_typo_line_height":0,"ocean_menu_typo_line_height_tablet":0,"ocean_menu_typo_line_height_mobile":0,"ocean_menu_typo_line_height_unit":"","ocean_menu_typo_spacing":0,"ocean_menu_typo_spacing_tablet":0,"ocean_menu_typo_spacing_mobile":0,"ocean_menu_typo_spacing_unit":"","ocean_menu_link_color":"","ocean_menu_link_color_hover":"","ocean_menu_link_color_active":"","ocean_menu_link_background":"","ocean_menu_link_hover_background":"","ocean_menu_link_active_background":"","ocean_menu_social_links_bg":"","ocean_menu_social_hover_links_bg":"","ocean_menu_social_links_color":"","ocean_menu_social_hover_links_color":"","ocean_disable_title":"default","ocean_disable_heading":"default","ocean_post_title":"","ocean_post_subheading":"","ocean_post_title_style":"","ocean_post_title_background_color":"","ocean_post_title_background":0,"ocean_post_title_bg_image_position":"","ocean_post_title_bg_image_attachment":"","ocean_post_title_bg_image_repeat":"","ocean_post_title_bg_image_size":"","ocean_post_title_height":0,"ocean_post_title_bg_overlay":0.5,"ocean_post_title_bg_overlay_color":"","ocean_disable_breadcrumbs":"default","ocean_breadcrumbs_color":"","ocean_breadcrumbs_separator_color":"","ocean_breadcrumbs_links_color":"","ocean_breadcrumbs_links_hover_color":"","ocean_display_footer_widgets":"default","ocean_display_footer_bottom":"default","ocean_custom_footer_template":"0"},"product_cat":[31],"product_tag":[],"class_list":{"0":"post-756","1":"product","2":"type-product","3":"status-publish","4":"has-post-thumbnail","6":"product_cat-altele","8":"entry","9":"has-media","11":"first","12":"instock","13":"shipping-taxable","14":"purchasable","15":"product-type-simple","16":"has-product-nav","17":"col","18":"span_1_of_3","19":"owp-content-center","20":"owp-thumbs-layout-horizontal","21":"owp-btn-normal","22":"owp-tabs-layout-horizontal","23":"has-no-thumbnails"},"acf":[],"yoast_head":"<!-- This site is optimized with the Yoast SEO plugin v23.3 - https:\/\/yoast.com\/wordpress\/plugins\/seo\/ -->\n<title>C\u0102TIN\u0102 ORGANIC\u0102 M\u0102CINAT\u0102 | 50 GR | Katinola<\/title>\n<meta name=\"robots\" content=\"index, follow, max-snippet:-1, max-image-preview:large, max-video-preview:-1\" \/>\n<link rel=\"canonical\" href=\"https:\/\/katinola.ro\/de\/shop\/catina-organica-macinata-50-gr\/\" \/>\n<meta property=\"og:locale\" content=\"de_DE\" \/>\n<meta property=\"og:type\" content=\"article\" \/>\n<meta property=\"og:title\" content=\"C\u0102TIN\u0102 ORGANIC\u0102 M\u0102CINAT\u0102 | 50 GR | Katinola\" \/>\n<meta property=\"og:description\" content=\"Pre\u021b pe 100 gr: 90,00 lei Pre\u021b pe bucat\u0103: 45,00 lei  Produs din fructe integrale ecologice F\u0103r\u0103 zah\u0103r ad\u0103ugat Alimente func\u021bionale\" \/>\n<meta property=\"og:url\" content=\"https:\/\/katinola.ro\/de\/shop\/catina-organica-macinata-50-gr\/\" \/>\n<meta property=\"og:site_name\" content=\"Katinola\" \/>\n<meta property=\"article:modified_time\" content=\"2025-07-15T11:31:50+00:00\" \/>\n<meta property=\"og:image\" content=\"https:\/\/katinola.ro\/wp-content\/uploads\/product-katinola-catina-macinata.jpg\" \/>\n\t<meta property=\"og:image:width\" content=\"1200\" \/>\n\t<meta property=\"og:image:height\" content=\"900\" \/>\n\t<meta property=\"og:image:type\" content=\"image\/jpeg\" \/>\n<meta name=\"twitter:card\" content=\"summary_large_image\" \/>\n<meta name=\"twitter:label1\" content=\"Gesch\u00e4tzte Lesezeit\" \/>\n\t<meta name=\"twitter:data1\" content=\"2\u00a0Minuten\" \/>\n<script type=\"application\/ld+json\" class=\"yoast-schema-graph\">{\"@context\":\"https:\/\/schema.org\",\"@graph\":[{\"@type\":\"WebPage\",\"@id\":\"https:\/\/katinola.ro\/de\/shop\/catina-organica-macinata-50-gr\/\",\"url\":\"https:\/\/katinola.ro\/de\/shop\/catina-organica-macinata-50-gr\/\",\"name\":\"C\u0102TIN\u0102 ORGANIC\u0102 M\u0102CINAT\u0102 | 50 GR | Katinola\",\"isPartOf\":{\"@id\":\"https:\/\/katinola.ro\/de\/#website\"},\"primaryImageOfPage\":{\"@id\":\"https:\/\/katinola.ro\/de\/shop\/catina-organica-macinata-50-gr\/#primaryimage\"},\"image\":{\"@id\":\"https:\/\/katinola.ro\/de\/shop\/catina-organica-macinata-50-gr\/#primaryimage\"},\"thumbnailUrl\":\"https:\/\/katinola.ro\/wp-content\/uploads\/product-katinola-catina-macinata.jpg\",\"datePublished\":\"2024-07-11T13:40:14+00:00\",\"dateModified\":\"2025-07-15T11:31:50+00:00\",\"breadcrumb\":{\"@id\":\"https:\/\/katinola.ro\/de\/shop\/catina-organica-macinata-50-gr\/#breadcrumb\"},\"inLanguage\":\"de\",\"potentialAction\":[{\"@type\":\"ReadAction\",\"target\":[\"https:\/\/katinola.ro\/de\/shop\/catina-organica-macinata-50-gr\/\"]}]},{\"@type\":\"ImageObject\",\"inLanguage\":\"de\",\"@id\":\"https:\/\/katinola.ro\/de\/shop\/catina-organica-macinata-50-gr\/#primaryimage\",\"url\":\"https:\/\/katinola.ro\/wp-content\/uploads\/product-katinola-catina-macinata.jpg\",\"contentUrl\":\"https:\/\/katinola.ro\/wp-content\/uploads\/product-katinola-catina-macinata.jpg\",\"width\":1200,\"height\":900},{\"@type\":\"BreadcrumbList\",\"@id\":\"https:\/\/katinola.ro\/de\/shop\/catina-organica-macinata-50-gr\/#breadcrumb\",\"itemListElement\":[{\"@type\":\"ListItem\",\"position\":1,\"name\":\"Home\",\"item\":\"https:\/\/katinola.ro\/de\/\"},{\"@type\":\"ListItem\",\"position\":2,\"name\":\"Magazin\",\"item\":\"https:\/\/katinola.ro\/magazin\/\"},{\"@type\":\"ListItem\",\"position\":3,\"name\":\"C\u0102TIN\u0102 ORGANIC\u0102 M\u0102CINAT\u0102 | 50 GR\"}]},{\"@type\":\"WebSite\",\"@id\":\"https:\/\/katinola.ro\/de\/#website\",\"url\":\"https:\/\/katinola.ro\/de\/\",\"name\":\"Katinola\",\"description\":\"\",\"publisher\":{\"@id\":\"https:\/\/katinola.ro\/de\/#organization\"},\"potentialAction\":[{\"@type\":\"SearchAction\",\"target\":{\"@type\":\"EntryPoint\",\"urlTemplate\":\"https:\/\/katinola.ro\/de\/?s={search_term_string}\"},\"query-input\":\"required name=search_term_string\"}],\"inLanguage\":\"de\"},{\"@type\":\"Organization\",\"@id\":\"https:\/\/katinola.ro\/de\/#organization\",\"name\":\"Katinola\",\"url\":\"https:\/\/katinola.ro\/de\/\",\"logo\":{\"@type\":\"ImageObject\",\"inLanguage\":\"de\",\"@id\":\"https:\/\/katinola.ro\/de\/#\/schema\/logo\/image\/\",\"url\":\"https:\/\/katinola.ro\/wp-content\/uploads\/Logo-Katinola-1.png\",\"contentUrl\":\"https:\/\/katinola.ro\/wp-content\/uploads\/Logo-Katinola-1.png\",\"width\":862,\"height\":307,\"caption\":\"Katinola\"},\"image\":{\"@id\":\"https:\/\/katinola.ro\/de\/#\/schema\/logo\/image\/\"}}]}<\/script>\n<!-- \/ Yoast SEO plugin. -->","yoast_head_json":{"title":"C\u0102TIN\u0102 ORGANIC\u0102 M\u0102CINAT\u0102 | 50 GR | Katinola","robots":{"index":"index","follow":"follow","max-snippet":"max-snippet:-1","max-image-preview":"max-image-preview:large","max-video-preview":"max-video-preview:-1"},"canonical":"https:\/\/katinola.ro\/de\/shop\/catina-organica-macinata-50-gr\/","og_locale":"de_DE","og_type":"article","og_title":"C\u0102TIN\u0102 ORGANIC\u0102 M\u0102CINAT\u0102 | 50 GR | Katinola","og_description":"Pre\u021b pe 100 gr: 90,00 lei Pre\u021b pe bucat\u0103: 45,00 lei  Produs din fructe integrale ecologice F\u0103r\u0103 zah\u0103r ad\u0103ugat Alimente func\u021bionale","og_url":"https:\/\/katinola.ro\/de\/shop\/catina-organica-macinata-50-gr\/","og_site_name":"Katinola","article_modified_time":"2025-07-15T11:31:50+00:00","og_image":[{"width":1200,"height":900,"url":"https:\/\/katinola.ro\/wp-content\/uploads\/product-katinola-catina-macinata.jpg","type":"image\/jpeg"}],"twitter_card":"summary_large_image","twitter_misc":{"Gesch\u00e4tzte Lesezeit":"2\u00a0Minuten"},"schema":{"@context":"https:\/\/schema.org","@graph":[{"@type":"WebPage","@id":"https:\/\/katinola.ro\/de\/shop\/catina-organica-macinata-50-gr\/","url":"https:\/\/katinola.ro\/de\/shop\/catina-organica-macinata-50-gr\/","name":"C\u0102TIN\u0102 ORGANIC\u0102 M\u0102CINAT\u0102 | 50 GR | Katinola","isPartOf":{"@id":"https:\/\/katinola.ro\/de\/#website"},"primaryImageOfPage":{"@id":"https:\/\/katinola.ro\/de\/shop\/catina-organica-macinata-50-gr\/#primaryimage"},"image":{"@id":"https:\/\/katinola.ro\/de\/shop\/catina-organica-macinata-50-gr\/#primaryimage"},"thumbnailUrl":"https:\/\/katinola.ro\/wp-content\/uploads\/product-katinola-catina-macinata.jpg","datePublished":"2024-07-11T13:40:14+00:00","dateModified":"2025-07-15T11:31:50+00:00","breadcrumb":{"@id":"https:\/\/katinola.ro\/de\/shop\/catina-organica-macinata-50-gr\/#breadcrumb"},"inLanguage":"de","potentialAction":[{"@type":"ReadAction","target":["https:\/\/katinola.ro\/de\/shop\/catina-organica-macinata-50-gr\/"]}]},{"@type":"ImageObject","inLanguage":"de","@id":"https:\/\/katinola.ro\/de\/shop\/catina-organica-macinata-50-gr\/#primaryimage","url":"https:\/\/katinola.ro\/wp-content\/uploads\/product-katinola-catina-macinata.jpg","contentUrl":"https:\/\/katinola.ro\/wp-content\/uploads\/product-katinola-catina-macinata.jpg","width":1200,"height":900},{"@type":"BreadcrumbList","@id":"https:\/\/katinola.ro\/de\/shop\/catina-organica-macinata-50-gr\/#breadcrumb","itemListElement":[{"@type":"ListItem","position":1,"name":"Home","item":"https:\/\/katinola.ro\/de\/"},{"@type":"ListItem","position":2,"name":"Magazin","item":"https:\/\/katinola.ro\/magazin\/"},{"@type":"ListItem","position":3,"name":"C\u0102TIN\u0102 ORGANIC\u0102 M\u0102CINAT\u0102 | 50 GR"}]},{"@type":"WebSite","@id":"https:\/\/katinola.ro\/de\/#website","url":"https:\/\/katinola.ro\/de\/","name":"Katinola","description":"","publisher":{"@id":"https:\/\/katinola.ro\/de\/#organization"},"potentialAction":[{"@type":"SearchAction","target":{"@type":"EntryPoint","urlTemplate":"https:\/\/katinola.ro\/de\/?s={search_term_string}"},"query-input":"required name=search_term_string"}],"inLanguage":"de"},{"@type":"Organization","@id":"https:\/\/katinola.ro\/de\/#organization","name":"Katinola","url":"https:\/\/katinola.ro\/de\/","logo":{"@type":"ImageObject","inLanguage":"de","@id":"https:\/\/katinola.ro\/de\/#\/schema\/logo\/image\/","url":"https:\/\/katinola.ro\/wp-content\/uploads\/Logo-Katinola-1.png","contentUrl":"https:\/\/katinola.ro\/wp-content\/uploads\/Logo-Katinola-1.png","width":862,"height":307,"caption":"Katinola"},"image":{"@id":"https:\/\/katinola.ro\/de\/#\/schema\/logo\/image\/"}}]}},"_links":{"self":[{"href":"https:\/\/katinola.ro\/de\/wp-json\/wp\/v2\/product\/756"}],"collection":[{"href":"https:\/\/katinola.ro\/de\/wp-json\/wp\/v2\/product"}],"about":[{"href":"https:\/\/katinola.ro\/de\/wp-json\/wp\/v2\/types\/product"}],"replies":[{"embeddable":true,"href":"https:\/\/katinola.ro\/de\/wp-json\/wp\/v2\/comments?post=756"}],"wp:featuredmedia":[{"embeddable":true,"href":"https:\/\/katinola.ro\/de\/wp-json\/wp\/v2\/media\/844"}],"wp:attachment":[{"href":"https:\/\/katinola.ro\/de\/wp-json\/wp\/v2\/media?parent=756"}],"wp:term":[{"taxonomy":"product_cat","embeddable":true,"href":"https:\/\/katinola.ro\/de\/wp-json\/wp\/v2\/product_cat?post=756"},{"taxonomy":"product_tag","embeddable":true,"href":"https:\/\/katinola.ro\/de\/wp-json\/wp\/v2\/product_tag?post=756"}],"curies":[{"name":"wp","href":"https:\/\/api.w.org\/{rel}","templated":true}]}}