{"id":758,"date":"2024-07-11T13:37:22","date_gmt":"2024-07-11T13:37:22","guid":{"rendered":"https:\/\/katinola.ro\/shop\/ulei-organic-de-catina-presat-la-rece-15-ml\/"},"modified":"2025-07-15T11:34:24","modified_gmt":"2025-07-15T11:34:24","slug":"ulei-organic-de-catina-presat-la-rece-15-ml","status":"publish","type":"product","link":"https:\/\/katinola.ro\/en\/shop\/ulei-organic-de-catina-presat-la-rece-15-ml\/","title":{"rendered":"ULEI ORGANIC DE C\u0102TIN\u0102 PRESAT LA RECE | 15 ML"},"content":{"rendered":"<div class=\"wpb-content-wrapper\"><p>[vc_row][vc_column][vc_column_text css=&#8221;&#8221;]<strong>Supliment alimentar \u00een conformitate cu notificarea IBA nr. 0628 \/ 03.03.2020<\/strong><\/p>\n<p><strong><u>Produs nefiltrat<\/u><\/strong><\/p>\n<p><strong>Caracteristici:<\/strong><\/p>\n<ul>\n<li>Bogat \u00een vitamina C<\/li>\n<li>F\u0103r\u0103 conservan\u021bi<\/li>\n<li>Indice glicemic sc\u0103zut<\/li>\n<li>Vegan<\/li>\n<li>Bogat \u00een vitamina C \u0219i vitamina E<\/li>\n<li>Con\u021bine beta-caroten \u0219i vitamina A<\/li>\n<li>Con\u021binut ridicat de acizi gra\u0219i nesatura\u021bi, \u00een special <strong>Omega 7<\/strong><\/li>\n<\/ul>\n<p><strong>Beneficii:<\/strong><\/p>\n<ul>\n<li>Contribuie la func\u021bionarea normal\u0103 a sistemului imunitar<\/li>\n<li>Reduce stresul oxidativ<\/li>\n<li>Sprijin\u0103 pierderea \u00een greutate<\/li>\n<li>Reduce nivelul de colesterol \u0219i trigliceride<\/li>\n<li>Adjuvant \u00een arsuri, r\u0103ni \u0219i infec\u021bii &#8211; accelereaz\u0103 vindecarea r\u0103nilor<\/li>\n<li>Stimuleaz\u0103 s\u0103n\u0103tatea cardiovascular\u0103<\/li>\n<li>Ajut\u0103 la formarea colagenului<\/li>\n<li>Con\u021binutul ridicat de zinc stimuleaz\u0103 \u00een mod natural men\u021binerea nivelului de testosteron<\/li>\n<li>Con\u021binutul ridicat de fibre contribuie la func\u021bionarea normal\u0103 a tractului digestiv<\/li>\n<li>Acizii gra\u0219i <strong>Omega 7<\/strong> sus\u021bin revitalizarea la nivel celular<\/li>\n<li>Efect anti-\u00eemb\u0103tr\u00e2nire<\/li>\n<li>\u00cembun\u0103t\u0103\u021be\u0219te starea de spirit \u0219i stimuleaz\u0103 buna func\u021bionare a creierului<\/li>\n<li>Contribuie la \u00eembun\u0103t\u0103\u021birea s\u0103n\u0103t\u0103\u021bii pielii<\/li>\n<\/ul>\n<p><strong>Metoda de administrare:<\/strong><br \/>\nProdus potrivit pentru toate v\u00e2rstele.<br \/>\nAdul\u021bi: 20 de pic\u0103turi de 2 ori pe zi timp de 1 lun\u0103. Copii: 10 pic\u0103turi de 2 ori pe zi timp de 1 lun\u0103.<br \/>\nPentru efecte maxime, se recomand\u0103 un consum de cel pu\u021bin 1 lun\u0103.<\/p>\n<p><strong>Contraindica\u021bii:<\/strong><br \/>\nFum\u0103torii sunt sf\u0103tui\u021bi s\u0103 evite consumul acestui produs &#8211; consumul ridicat de beta-caroten \u00een r\u00e2ndul fum\u0103torilor este recomandat s\u0103 fie f\u0103cut numai cu acordul medicului. Femeile \u00eens\u0103rcinate sau care al\u0103pteaz\u0103 \u00eel pot consuma cu acordul medicului<\/p>\n<p><strong>Mod de stocare:<\/strong><br \/>\nA se p\u0103stra \u00eentr-un loc r\u0103coros, ferit de lumina soarelui.<\/p>\n<p><strong>\u021aara de origine:<\/strong><br \/>\nRom\u00e2nia \/ UE<\/p>\n<p><strong>Ingrediente:<\/strong><br \/>\n100% ECO ulei de c\u0103tin\u0103 de mare<em>(Hippopae rhamnoides<\/em> L.) presat la rece din fructe \u00eentregi<\/p>\n<p><strong>Ambalare \u0219i cantitate:<\/strong><br \/>\nSticl\u0103 de culoare chihlimbar (cu picur\u0103tor) pentru a proteja produsul din interior de lumina soarelui \u0219i de razele UV<br \/>\n15 ml<\/p>\n<p><strong>Valori nutri\u021bionale  <\/strong><\/p>\n<table width=\"0\">\n<tbody>\n<tr>\n<td width=\"285\"><strong>Declara\u021bie nutri\u021bional\u0103 medie  <\/strong><\/td>\n<td width=\"102\"><strong>RI per 100 ml<\/strong><\/td>\n<td width=\"80\"><strong>RI per 2 ml<\/strong><\/td>\n<\/tr>\n<tr>\n<td width=\"285\">Valoare energetic\u0103<\/td>\n<td width=\"102\">3674 KJ \/ 894 kcal<\/td>\n<td width=\"80\">73 kJ\/18 kcal<\/td>\n<\/tr>\n<tr>\n<td width=\"285\">Lipide<\/td>\n<td width=\"102\">99.26g<\/td>\n<td width=\"80\">1.99 g<\/td>\n<\/tr>\n<tr>\n<td width=\"285\">Din care acizi gra\u0219i satura\u021bi<\/td>\n<td width=\"102\">33.02 g<\/td>\n<td width=\"80\">0.76 g<\/td>\n<\/tr>\n<tr>\n<td width=\"285\">Din care acizi gra\u0219i nesatura\u021bi<\/td>\n<td width=\"102\">61.00 g<\/td>\n<td width=\"80\">1.22 g<\/td>\n<\/tr>\n<tr>\n<td width=\"285\">Carbohidra\u021bi<\/td>\n<td width=\"102\">0 g<\/td>\n<td width=\"80\">0 g<\/td>\n<\/tr>\n<tr>\n<td width=\"285\">Din care zaharuri<\/td>\n<td width=\"102\">0 g<\/td>\n<td width=\"80\">0 g<\/td>\n<\/tr>\n<tr>\n<td width=\"285\">Proteine<\/td>\n<td width=\"102\">0 g<\/td>\n<td width=\"80\">0 g<\/td>\n<\/tr>\n<tr>\n<td width=\"285\">Sodiu<\/td>\n<td width=\"102\">0.73mg<\/td>\n<td width=\"80\">0,015 mg<\/td>\n<\/tr>\n<tr>\n<td width=\"285\">Vitamina A<\/td>\n<td width=\"102\">1455 \u03bcg\/100g<\/td>\n<td width=\"80\">29,1 \u00b5g<\/td>\n<\/tr>\n<tr>\n<td width=\"285\">Fier<\/td>\n<td width=\"102\">140 mg\/100 g<\/td>\n<td width=\"80\">0,005 mg<\/td>\n<\/tr>\n<tr>\n<td width=\"285\">Zinc<\/td>\n<td width=\"102\">0,232 mg<\/td>\n<td width=\"80\">0,000 mg<\/td>\n<\/tr>\n<tr>\n<td width=\"285\">Betacaroten total<\/td>\n<td width=\"102\">0,011 mg<\/td>\n<td width=\"80\">0,175 mg<\/td>\n<\/tr>\n<tr>\n<td width=\"285\">Acid C16:1-palmitoleic (omega 7)% din lipidele totale<\/td>\n<td width=\"102\">27.03<\/td>\n<td width=\"80\">0.541<\/td>\n<\/tr>\n<tr>\n<td width=\"285\">Acid C18:1- cis vaccenic (omega 7) % din lipidele totale<\/td>\n<td width=\"102\">24.72<\/td>\n<td width=\"80\">0.494<\/td>\n<\/tr>\n<tr>\n<td width=\"285\">Acid C18:2 cis % (Omega 6) din lipidele totale<\/td>\n<td width=\"102\">4.07<\/td>\n<td width=\"80\">0.081<\/td>\n<\/tr>\n<tr>\n<td width=\"285\">Acid C18:3 cis3n3 % (Omega 3)<\/td>\n<td width=\"102\">0.98<\/td>\n<td width=\"80\">0.020<\/td>\n<\/tr>\n<\/tbody>\n<\/table>\n<p>*RI- Aportul de referin\u021b\u0103 al unui adult mediu (8400 kJ\/ 2000 kcal)<\/p>\n<p>** Analizele au fost efectuate \u00een institute de cercetare \u0219i dezvoltare autorizate \u0219i certificate[\/vc_column_text][\/vc_column][\/vc_row]<\/p>\n<\/div>","protected":false},"excerpt":{"rendered":"<p><strong>Pre\u021b pe 100 ml: 750,00 lei<\/strong><br \/>\n<strong>Pre\u021b pe bucat\u0103: 110,00 lei<\/strong><\/p>\n<p><strong>Produs din fructe integrale organice presate la rece<br \/>\nF\u0103r\u0103 zah\u0103r ad\u0103ugat<br \/>\nAlimente func\u021bionale<\/strong><\/p>\n<p><strong>Ajut\u0103 la prevenirea \u00eemb\u0103tr\u00e2nirii premature<\/strong><\/p>\n","protected":false},"featured_media":838,"comment_status":"closed","ping_status":"closed","template":"","meta":{"_acf_changed":false,"ocean_post_layout":"","ocean_both_sidebars_style":"","ocean_both_sidebars_content_width":0,"ocean_both_sidebars_sidebars_width":0,"ocean_sidebar":"0","ocean_second_sidebar":"0","ocean_disable_margins":"enable","ocean_add_body_class":"","ocean_shortcode_before_top_bar":"","ocean_shortcode_after_top_bar":"","ocean_shortcode_before_header":"","ocean_shortcode_after_header":"","ocean_has_shortcode":"","ocean_shortcode_after_title":"","ocean_shortcode_before_footer_widgets":"","ocean_shortcode_after_footer_widgets":"","ocean_shortcode_before_footer_bottom":"","ocean_shortcode_after_footer_bottom":"","ocean_display_top_bar":"default","ocean_display_header":"default","ocean_header_style":"","ocean_center_header_left_menu":"0","ocean_custom_header_template":"0","ocean_custom_logo":0,"ocean_custom_retina_logo":0,"ocean_custom_logo_max_width":0,"ocean_custom_logo_tablet_max_width":0,"ocean_custom_logo_mobile_max_width":0,"ocean_custom_logo_max_height":0,"ocean_custom_logo_tablet_max_height":0,"ocean_custom_logo_mobile_max_height":0,"ocean_header_custom_menu":"0","ocean_menu_typo_font_family":"0","ocean_menu_typo_font_subset":"","ocean_menu_typo_font_size":0,"ocean_menu_typo_font_size_tablet":0,"ocean_menu_typo_font_size_mobile":0,"ocean_menu_typo_font_size_unit":"px","ocean_menu_typo_font_weight":"","ocean_menu_typo_font_weight_tablet":"","ocean_menu_typo_font_weight_mobile":"","ocean_menu_typo_transform":"","ocean_menu_typo_transform_tablet":"","ocean_menu_typo_transform_mobile":"","ocean_menu_typo_line_height":0,"ocean_menu_typo_line_height_tablet":0,"ocean_menu_typo_line_height_mobile":0,"ocean_menu_typo_line_height_unit":"","ocean_menu_typo_spacing":0,"ocean_menu_typo_spacing_tablet":0,"ocean_menu_typo_spacing_mobile":0,"ocean_menu_typo_spacing_unit":"","ocean_menu_link_color":"","ocean_menu_link_color_hover":"","ocean_menu_link_color_active":"","ocean_menu_link_background":"","ocean_menu_link_hover_background":"","ocean_menu_link_active_background":"","ocean_menu_social_links_bg":"","ocean_menu_social_hover_links_bg":"","ocean_menu_social_links_color":"","ocean_menu_social_hover_links_color":"","ocean_disable_title":"default","ocean_disable_heading":"default","ocean_post_title":"","ocean_post_subheading":"","ocean_post_title_style":"","ocean_post_title_background_color":"","ocean_post_title_background":0,"ocean_post_title_bg_image_position":"","ocean_post_title_bg_image_attachment":"","ocean_post_title_bg_image_repeat":"","ocean_post_title_bg_image_size":"","ocean_post_title_height":0,"ocean_post_title_bg_overlay":0.5,"ocean_post_title_bg_overlay_color":"","ocean_disable_breadcrumbs":"default","ocean_breadcrumbs_color":"","ocean_breadcrumbs_separator_color":"","ocean_breadcrumbs_links_color":"","ocean_breadcrumbs_links_hover_color":"","ocean_display_footer_widgets":"default","ocean_display_footer_bottom":"default","ocean_custom_footer_template":"0"},"product_cat":[31],"product_tag":[],"class_list":{"0":"post-758","1":"product","2":"type-product","3":"status-publish","4":"has-post-thumbnail","6":"product_cat-altele","8":"entry","9":"has-media","11":"first","12":"instock","13":"shipping-taxable","14":"purchasable","15":"product-type-simple","16":"has-product-nav","17":"col","18":"span_1_of_3","19":"owp-content-center","20":"owp-thumbs-layout-horizontal","21":"owp-btn-normal","22":"owp-tabs-layout-horizontal","23":"has-no-thumbnails"},"acf":[],"yoast_head":"<!-- This site is optimized with the Yoast SEO plugin v23.3 - https:\/\/yoast.com\/wordpress\/plugins\/seo\/ -->\n<title>ULEI ORGANIC DE C\u0102TIN\u0102 PRESAT LA RECE | 15 ML | Katinola<\/title>\n<meta name=\"robots\" content=\"index, follow, max-snippet:-1, max-image-preview:large, max-video-preview:-1\" \/>\n<link rel=\"canonical\" href=\"https:\/\/katinola.ro\/en\/shop\/ulei-organic-de-catina-presat-la-rece-15-ml\/\" \/>\n<meta property=\"og:locale\" content=\"en_US\" \/>\n<meta property=\"og:type\" content=\"article\" \/>\n<meta property=\"og:title\" content=\"ULEI ORGANIC DE C\u0102TIN\u0102 PRESAT LA RECE | 15 ML | Katinola\" \/>\n<meta property=\"og:description\" content=\"Pre\u021b pe 100 ml: 750,00 lei Pre\u021b pe bucat\u0103: 110,00 lei  Produs din fructe integrale organice presate la rece F\u0103r\u0103 zah\u0103r ad\u0103ugat Alimente func\u021bionale  Ajut\u0103 la prevenirea \u00eemb\u0103tr\u00e2nirii premature\" \/>\n<meta property=\"og:url\" content=\"https:\/\/katinola.ro\/en\/shop\/ulei-organic-de-catina-presat-la-rece-15-ml\/\" \/>\n<meta property=\"og:site_name\" content=\"Katinola\" \/>\n<meta property=\"article:modified_time\" content=\"2025-07-15T11:34:24+00:00\" \/>\n<meta property=\"og:image\" content=\"https:\/\/katinola.ro\/wp-content\/uploads\/product-katinola-n-1.jpg\" \/>\n\t<meta property=\"og:image:width\" content=\"1200\" \/>\n\t<meta property=\"og:image:height\" content=\"900\" \/>\n\t<meta property=\"og:image:type\" content=\"image\/jpeg\" \/>\n<meta name=\"twitter:card\" content=\"summary_large_image\" \/>\n<meta name=\"twitter:label1\" content=\"Est. reading time\" \/>\n\t<meta name=\"twitter:data1\" content=\"3 minutes\" \/>\n<script type=\"application\/ld+json\" class=\"yoast-schema-graph\">{\"@context\":\"https:\/\/schema.org\",\"@graph\":[{\"@type\":\"WebPage\",\"@id\":\"https:\/\/katinola.ro\/en\/shop\/ulei-organic-de-catina-presat-la-rece-15-ml\/\",\"url\":\"https:\/\/katinola.ro\/en\/shop\/ulei-organic-de-catina-presat-la-rece-15-ml\/\",\"name\":\"ULEI ORGANIC DE C\u0102TIN\u0102 PRESAT LA RECE | 15 ML | Katinola\",\"isPartOf\":{\"@id\":\"https:\/\/katinola.ro\/en\/#website\"},\"primaryImageOfPage\":{\"@id\":\"https:\/\/katinola.ro\/en\/shop\/ulei-organic-de-catina-presat-la-rece-15-ml\/#primaryimage\"},\"image\":{\"@id\":\"https:\/\/katinola.ro\/en\/shop\/ulei-organic-de-catina-presat-la-rece-15-ml\/#primaryimage\"},\"thumbnailUrl\":\"https:\/\/katinola.ro\/wp-content\/uploads\/product-katinola-n-1.jpg\",\"datePublished\":\"2024-07-11T13:37:22+00:00\",\"dateModified\":\"2025-07-15T11:34:24+00:00\",\"breadcrumb\":{\"@id\":\"https:\/\/katinola.ro\/en\/shop\/ulei-organic-de-catina-presat-la-rece-15-ml\/#breadcrumb\"},\"inLanguage\":\"en-US\",\"potentialAction\":[{\"@type\":\"ReadAction\",\"target\":[\"https:\/\/katinola.ro\/en\/shop\/ulei-organic-de-catina-presat-la-rece-15-ml\/\"]}]},{\"@type\":\"ImageObject\",\"inLanguage\":\"en-US\",\"@id\":\"https:\/\/katinola.ro\/en\/shop\/ulei-organic-de-catina-presat-la-rece-15-ml\/#primaryimage\",\"url\":\"https:\/\/katinola.ro\/wp-content\/uploads\/product-katinola-n-1.jpg\",\"contentUrl\":\"https:\/\/katinola.ro\/wp-content\/uploads\/product-katinola-n-1.jpg\",\"width\":1200,\"height\":900},{\"@type\":\"BreadcrumbList\",\"@id\":\"https:\/\/katinola.ro\/en\/shop\/ulei-organic-de-catina-presat-la-rece-15-ml\/#breadcrumb\",\"itemListElement\":[{\"@type\":\"ListItem\",\"position\":1,\"name\":\"Home\",\"item\":\"https:\/\/katinola.ro\/en\/\"},{\"@type\":\"ListItem\",\"position\":2,\"name\":\"Magazin\",\"item\":\"https:\/\/katinola.ro\/magazin\/\"},{\"@type\":\"ListItem\",\"position\":3,\"name\":\"ULEI ORGANIC DE C\u0102TIN\u0102 PRESAT LA RECE | 15 ML\"}]},{\"@type\":\"WebSite\",\"@id\":\"https:\/\/katinola.ro\/en\/#website\",\"url\":\"https:\/\/katinola.ro\/en\/\",\"name\":\"Katinola\",\"description\":\"\",\"publisher\":{\"@id\":\"https:\/\/katinola.ro\/en\/#organization\"},\"potentialAction\":[{\"@type\":\"SearchAction\",\"target\":{\"@type\":\"EntryPoint\",\"urlTemplate\":\"https:\/\/katinola.ro\/en\/?s={search_term_string}\"},\"query-input\":\"required name=search_term_string\"}],\"inLanguage\":\"en-US\"},{\"@type\":\"Organization\",\"@id\":\"https:\/\/katinola.ro\/en\/#organization\",\"name\":\"Katinola\",\"url\":\"https:\/\/katinola.ro\/en\/\",\"logo\":{\"@type\":\"ImageObject\",\"inLanguage\":\"en-US\",\"@id\":\"https:\/\/katinola.ro\/en\/#\/schema\/logo\/image\/\",\"url\":\"https:\/\/katinola.ro\/wp-content\/uploads\/Logo-Katinola-1.png\",\"contentUrl\":\"https:\/\/katinola.ro\/wp-content\/uploads\/Logo-Katinola-1.png\",\"width\":862,\"height\":307,\"caption\":\"Katinola\"},\"image\":{\"@id\":\"https:\/\/katinola.ro\/en\/#\/schema\/logo\/image\/\"}}]}<\/script>\n<!-- \/ Yoast SEO plugin. -->","yoast_head_json":{"title":"ULEI ORGANIC DE C\u0102TIN\u0102 PRESAT LA RECE | 15 ML | Katinola","robots":{"index":"index","follow":"follow","max-snippet":"max-snippet:-1","max-image-preview":"max-image-preview:large","max-video-preview":"max-video-preview:-1"},"canonical":"https:\/\/katinola.ro\/en\/shop\/ulei-organic-de-catina-presat-la-rece-15-ml\/","og_locale":"en_US","og_type":"article","og_title":"ULEI ORGANIC DE C\u0102TIN\u0102 PRESAT LA RECE | 15 ML | Katinola","og_description":"Pre\u021b pe 100 ml: 750,00 lei Pre\u021b pe bucat\u0103: 110,00 lei  Produs din fructe integrale organice presate la rece F\u0103r\u0103 zah\u0103r ad\u0103ugat Alimente func\u021bionale  Ajut\u0103 la prevenirea \u00eemb\u0103tr\u00e2nirii premature","og_url":"https:\/\/katinola.ro\/en\/shop\/ulei-organic-de-catina-presat-la-rece-15-ml\/","og_site_name":"Katinola","article_modified_time":"2025-07-15T11:34:24+00:00","og_image":[{"width":1200,"height":900,"url":"https:\/\/katinola.ro\/wp-content\/uploads\/product-katinola-n-1.jpg","type":"image\/jpeg"}],"twitter_card":"summary_large_image","twitter_misc":{"Est. reading time":"3 minutes"},"schema":{"@context":"https:\/\/schema.org","@graph":[{"@type":"WebPage","@id":"https:\/\/katinola.ro\/en\/shop\/ulei-organic-de-catina-presat-la-rece-15-ml\/","url":"https:\/\/katinola.ro\/en\/shop\/ulei-organic-de-catina-presat-la-rece-15-ml\/","name":"ULEI ORGANIC DE C\u0102TIN\u0102 PRESAT LA RECE | 15 ML | Katinola","isPartOf":{"@id":"https:\/\/katinola.ro\/en\/#website"},"primaryImageOfPage":{"@id":"https:\/\/katinola.ro\/en\/shop\/ulei-organic-de-catina-presat-la-rece-15-ml\/#primaryimage"},"image":{"@id":"https:\/\/katinola.ro\/en\/shop\/ulei-organic-de-catina-presat-la-rece-15-ml\/#primaryimage"},"thumbnailUrl":"https:\/\/katinola.ro\/wp-content\/uploads\/product-katinola-n-1.jpg","datePublished":"2024-07-11T13:37:22+00:00","dateModified":"2025-07-15T11:34:24+00:00","breadcrumb":{"@id":"https:\/\/katinola.ro\/en\/shop\/ulei-organic-de-catina-presat-la-rece-15-ml\/#breadcrumb"},"inLanguage":"en-US","potentialAction":[{"@type":"ReadAction","target":["https:\/\/katinola.ro\/en\/shop\/ulei-organic-de-catina-presat-la-rece-15-ml\/"]}]},{"@type":"ImageObject","inLanguage":"en-US","@id":"https:\/\/katinola.ro\/en\/shop\/ulei-organic-de-catina-presat-la-rece-15-ml\/#primaryimage","url":"https:\/\/katinola.ro\/wp-content\/uploads\/product-katinola-n-1.jpg","contentUrl":"https:\/\/katinola.ro\/wp-content\/uploads\/product-katinola-n-1.jpg","width":1200,"height":900},{"@type":"BreadcrumbList","@id":"https:\/\/katinola.ro\/en\/shop\/ulei-organic-de-catina-presat-la-rece-15-ml\/#breadcrumb","itemListElement":[{"@type":"ListItem","position":1,"name":"Home","item":"https:\/\/katinola.ro\/en\/"},{"@type":"ListItem","position":2,"name":"Magazin","item":"https:\/\/katinola.ro\/magazin\/"},{"@type":"ListItem","position":3,"name":"ULEI ORGANIC DE C\u0102TIN\u0102 PRESAT LA RECE | 15 ML"}]},{"@type":"WebSite","@id":"https:\/\/katinola.ro\/en\/#website","url":"https:\/\/katinola.ro\/en\/","name":"Katinola","description":"","publisher":{"@id":"https:\/\/katinola.ro\/en\/#organization"},"potentialAction":[{"@type":"SearchAction","target":{"@type":"EntryPoint","urlTemplate":"https:\/\/katinola.ro\/en\/?s={search_term_string}"},"query-input":"required name=search_term_string"}],"inLanguage":"en-US"},{"@type":"Organization","@id":"https:\/\/katinola.ro\/en\/#organization","name":"Katinola","url":"https:\/\/katinola.ro\/en\/","logo":{"@type":"ImageObject","inLanguage":"en-US","@id":"https:\/\/katinola.ro\/en\/#\/schema\/logo\/image\/","url":"https:\/\/katinola.ro\/wp-content\/uploads\/Logo-Katinola-1.png","contentUrl":"https:\/\/katinola.ro\/wp-content\/uploads\/Logo-Katinola-1.png","width":862,"height":307,"caption":"Katinola"},"image":{"@id":"https:\/\/katinola.ro\/en\/#\/schema\/logo\/image\/"}}]}},"_links":{"self":[{"href":"https:\/\/katinola.ro\/en\/wp-json\/wp\/v2\/product\/758"}],"collection":[{"href":"https:\/\/katinola.ro\/en\/wp-json\/wp\/v2\/product"}],"about":[{"href":"https:\/\/katinola.ro\/en\/wp-json\/wp\/v2\/types\/product"}],"replies":[{"embeddable":true,"href":"https:\/\/katinola.ro\/en\/wp-json\/wp\/v2\/comments?post=758"}],"wp:featuredmedia":[{"embeddable":true,"href":"https:\/\/katinola.ro\/en\/wp-json\/wp\/v2\/media\/838"}],"wp:attachment":[{"href":"https:\/\/katinola.ro\/en\/wp-json\/wp\/v2\/media?parent=758"}],"wp:term":[{"taxonomy":"product_cat","embeddable":true,"href":"https:\/\/katinola.ro\/en\/wp-json\/wp\/v2\/product_cat?post=758"},{"taxonomy":"product_tag","embeddable":true,"href":"https:\/\/katinola.ro\/en\/wp-json\/wp\/v2\/product_tag?post=758"}],"curies":[{"name":"wp","href":"https:\/\/api.w.org\/{rel}","templated":true}]}}